{"id":273,"date":"2019-11-25T13:28:50","date_gmt":"2019-11-25T12:28:50","guid":{"rendered":"https:\/\/www.hako.ch\/shop\/?page_id=273"},"modified":"2020-07-08T09:23:43","modified_gmt":"2020-07-08T07:23:43","slug":"agb","status":"publish","type":"page","link":"https:\/\/www.hako.ch\/shop\/agb\/","title":{"rendered":"Allgemeine Gesch\u00e4ftsbedingungen"},"content":{"rendered":"<p><strong>1. Allgemeines<\/strong><br \/>\n1.1 Diese Allgemeinen Gesch\u00e4ftsbedingungen von Hako Schweiz AG gelten f\u00fcr alle von Hako Schweiz AG erbrachten Lieferungen und Leistungen. Anders lautende Bedingungen des Bestellers haben nur G\u00fcltigkeit, soweit sie von Hako Schweiz AG ausdr\u00fccklich und schriftlich angenommen worden sind. Vorbehalten bleiben besondere schriftliche Vereinbarungen zwischen den Parteien.<\/p>\n<p>1.2 Der Umfang der von Hako Schweiz AG angebotenen Lieferungen und Leistungen ergibt sich aus dem aktuellem Lieferprogramm. Eine Detaillierung erfolgt, falls notwendig, in der Auftragsbest\u00e4tigung. Bestellungen k\u00f6nnen auch auf elektronischem Weg aufgegeben werden. Voraussetzung daf\u00fcr ist die Registrierung des Bestellers bei Hako Schweiz AG mit Benutzerkennwort und Passwort. Die Angebote der Hako Schweiz AG im Internetshop sind freibleibend und unverbindlich. Die<br \/>\nBestellung eines Kunden auf elektronischem Weg gilt als ein verbindliches Angebot an die Hako Schweiz AG. Der Kunde verpflichtet sich, bei seiner Bestellung wahrheitsgetreue Angaben zu machen. Der Vertrag kommt erst mit der Annahmeerkl\u00e4rung der Hako Schweiz AG zustande. Als Annahme-erkl\u00e4rung gilt der direkte Versand der bestellten Waren oder die schriftliche Best\u00e4tigung des Zugangs der Bestellung.<\/p>\n<p>1.3 Die Lieferung erfolgt an die Adresse gem\u00e4ss Vereinbarung. F\u00fcr die Kosten, allf\u00e4llige Nachteile und Verbindlichkeiten die durch die Verwendung von falschen Lieferangaben f\u00fcr die Hako Schweiz AG und die Herstellerfirmen entstehen, haftet der Besteller.<\/p>\n<p><strong>2. Preise und Zahlungsbedingungen<\/strong><br \/>\n2.1 Eine Preisanpassung gegen\u00fcber dem aktuellen Lieferprogramm bleibt vorbehalten und kann durch Hako Schweiz AG jederzeit bis zur Auftragsbest\u00e4tigung bzw. Lieferung erfolgen.<\/p>\n<p>2.2 Soweit keine abweichende Vereinbarung getroffen wurde, sind s\u00e4mtliche Rechnungen innert 30 Tagen ab Rechnungsdatum rein netto in Schweizerfranken ohne Skontoabzug zahlbar.<\/p>\n<p>2.3 Bei \u00dcberschreitung des Zahlungstermins gem\u00e4ss Ziff. 2.2 tritt ohne Mahnung der Verzug ein und es ist Verzugszins von 5% p.a. geschuldet. F\u00fcr jede Mahnung schuldet der Besteller der Hako Schweiz AG zus\u00e4tzlich eine Bearbeitungsgeb\u00fchr ab zweiter Mahnung. Befindet sich der Besteller mit der Zahlung des Kaufpreises in Verzug, ist Hako Schweiz AG ausserdem berechtigt, ohne Nachfrist vom Vertrag zur\u00fcckzutreten und die \u00fcbergebene Sache zur\u00fcckzufordern (Art. 214 Abs. 3 OR).<\/p>\n<p>2.4 Es d\u00fcrfen vom Besteller keine Zahlungen zur\u00fcckbehalten werden, insbesondere auch nicht bei Verz\u00f6gerung der Lieferung oder bei Beanstandungen. Der Besteller verzichtet zudem auf jegliche Verrechnung mit angeblichen Gegenforderungen.<\/p>\n<p><strong>3. \u00dcbergang von Nutzen und Gefahr, Transport, R\u00fccknahmen<\/strong><br \/>\n3.1 Nutzen und Gefahr gehen mit Versandbereitschaft der Ware auf den Besteller \u00fcber.<\/p>\n<p>3.2 Der Transport erfolgt auf Rechnung und Gefahr des Bestellers, auch wenn der Besteller mehrere Teile zur Auswahl bestellt. Der Besteller hat Transportsch\u00e4den innert 24 Stunden nach Erhalt der Lieferung an Hako Schweiz AG zu melden. Bei Lieferung mit Nachtexpress haben allf\u00e4llige Beanstandungen bis am Liefertag um 10.00 Uhr an Hako Schweiz AG zu erfolgen. Andernfalls wird jegliche Haftung f\u00fcr Transportsch\u00e4den abgelehnt.<\/p>\n<p>3.3 Bis zur vollst\u00e4ndigen Zahlung des Kaufpreises und\/oder der gesamten Montagekosten bleibt die gelieferte Ware im Eigentum von Hako Schweiz AG. Der Besteller erteilt Hako Schweiz AG sein Einverst\u00e4ndnis, den Vorbehalt ohne weiteres auf Kosten des Bestellers im Eigentumsvorbehaltsregister an dessen Wohnsitz eintragen zu lassen. Der Besteller ist bei Schadenersatzfolge verpflichtet, Hako Schweiz AG von allf\u00e4lligen Drittansprachen betreffend gelieferte Ware unverz\u00fcglich schriftlich Anzeige zu machen.<\/p>\n<p>3.4 Waren werden grunds\u00e4tzlich nicht zur\u00fcckgenommen. Davon ausgenommen sind Waren, die innerhalb von 30 Tagen im Neuzustand und in unversehrter Originalverpackung retourniert werden. Waren, die speziell f\u00fcr den Kunden bestellt worden sind, Ersatzteile unter Fr. 50.- und Elektronikbauteile k\u00f6nnen auf keinen Fall zur\u00fcck genommen werden. Bei R\u00fccknahme wird eine Einlagerungsgeb\u00fchr in der H\u00f6he von 20%, von der Gutschrift abgezogen. Alle Portokosten gehen zu Lasten des Bestellers.<\/p>\n<p><strong>4. Lieferfrist<\/strong><br \/>\n4.1 Der Lauf der angegebenen Lieferfristen beginnt, sobald der Besteller s\u00e4mtliche f\u00fcr die Lieferung notwendigen Fragen gekl\u00e4rt hat und eine allf\u00e4llig vereinbarte Anzahlung bei Hako Schweiz AG eingegangen ist.<\/p>\n<p>4.2 Die Lieferfrist verl\u00e4ngert sich angemessen, wenn ohne Verschulden von Hako Schweiz AG bei ihr oder bei Dritten Hindernisse eintreten, z.B. bei h\u00f6herer Gewalt oder wenn die Zulieferung durch Hersteller oder Unterlieferanten versp\u00e4tet oder mangelhaft erfolgt.<\/p>\n<p>4.3 Bei versp\u00e4teter Lieferung hat der Besteller in keinem Fall das Recht, auf die Lieferung zu verzichten oder vom Vertrag zur\u00fcckzutreten oder f\u00fcr irgendwelchen direkten oder indirekten Schaden oder entgangenen Gewinn Ersatz zu fordern.<\/p>\n<p><strong>5. Gew\u00e4hrleistung, Garantie, Haftung<\/strong><br \/>\n5.1 Hako Schweiz AG haftet nur f\u00fcr Sch\u00e4den aufgrund nachweislichen Verschuldens des Personals von Hako Schweiz AG selbst. Jede weitergehende Haftung von Hako Schweiz AG ist ausgeschlossen. F\u00fcr Sachm\u00e4ngel besteht eine Haftung nur bei arglistigem Verschweigen (Art. 199 OR).<\/p>\n<p>5.2 Die Gew\u00e4hrleistungsfrist betr\u00e4gt 12 Monate (Toro 24 Monate, Ersatzteile ab Lager 3 Monate) nach Mitteilung der Versandbereitschaft. Die Anspr\u00fcche aus Gew\u00e4hrleistung verwirken, wenn der Besteller nicht innert acht Tagen nach Auftreten eines Mangels schriftlich M\u00e4ngelr\u00fcge erhebt. Die Gew\u00e4hrleistung ist ausdr\u00fccklich ausgeschlossen bei M\u00e4ngeln infolge normaler Abn\u00fctzung, mangelhafter Wartung, unsachgem\u00e4sser Lagerung, Missachtung von Betriebsvorschriften, falscher Bedienung, \u00fcberm\u00e4ssiger Beanspruchung, nat\u00fcrlicher Korrosion und anderen Gr\u00fcnden, die von Hako Schweiz AG nicht zu vertreten sind.<\/p>\n<p>5.3 Die Gew\u00e4hrleistung erlischt vorzeitig, wenn der Besteller oder ein Dritter ohne vorg\u00e4ngige schriftliche Zustimmung von Hako Schweiz AG Reparaturarbeiten an der Ware vornimmt. Der Besteller muss auch f\u00fcr Reparaturen in Garantie die ausdr\u00fcckliche Zustimmung der Hako Schweiz AG einholen.<\/p>\n<p>5.4 Die M\u00e4ngelbehebung erfolgt nach Wahl von Hako Schweiz AG durch Nachbesserung oder Ersatzlieferung. Ausser in F\u00e4llen, in denen der Besteller oder ein Dritter von Hako Schweiz AG schriftlich zur Vornahme der Instandstellung erm\u00e4chtigt oder beauftragt wurde, besteht keine Pflicht von Hako Schweiz AG zur \u00dcbernahme der Ein- und Ausbaukosten.<\/p>\n<p>Werden Anweisungen oder Instruktionen von Hako Schweiz AG durch den Besteller oder Dritte mangelhaft ausgef\u00fchrt, ist jegliche Haftung von Hako Schweiz AG ausgeschlossen.<\/p>\n<p>5.5 Die Rechtsfolgen von Vertragsverletzungen sind in diesen Allgemeinen Gesch\u00e4ftsbedingungen abschliessend geregelt. Alle hier nicht ausdr\u00fccklich geregelten Anspr\u00fcche auf Schadenersatz, Minderung, Aufhebung des Vertrags oder R\u00fccktritt vom Vertrag sind ausgeschlossen, insbesondere jeglicher Ersatz von Folgesch\u00e4den oder entgangenen Gewinns.<\/p>\n<p><strong>6. Salvatorische Klausel<\/strong><br \/>\nSollten einzelne Bestimmungen in diesen Allgemeinen Gesch\u00e4ftsbedingungen ganz oder teilweise unwirksam sein oder werden, so ber\u00fchrt dies die G\u00fcltigkeit der \u00fcbrigen Bestimmungen nicht. Anstelle der unwirksamen Bestimmung tritt eine g\u00fcltige, die dem rechtlichen und wirtschaftlichen Gehalt der unwirksamen weit m\u00f6glichst entspricht.<\/p>\n<p><strong>7. Gerichtsstand, anwendbares Recht<\/strong><br \/>\n7.1 Zur Beurteilung s\u00e4mtlicher Anspr\u00fcche zwischen Besteller und Hako Schweiz AG sind die zust\u00e4ndigen Gerichte am Hauptsitz der Gesellschaft zust\u00e4ndig.<\/p>\n<p>7.2 Das Rechtsverh\u00e4ltnis zwischen Besteller und Hako Schweiz AG untersteht Schweizer Recht, unter Ausschluss des \u00dcbereinkommens der Vereinten Nationen \u00fcber Vertr\u00e4ge \u00fcber den internationalen Warenkauf (&#8220;Wiener Kaufrecht&#8221;).<\/p>\n<p>Sursee, Januar 2019<br \/>\n<a href=\"https:\/\/www.hako.ch\/shop\/wp-content\/uploads\/2020\/04\/allgemeine-geschaeftsbedingungen-01_2019.pdf\" target=\"_blank\" rel=\"noopener noreferrer\">AGB als PDF Downloaden<\/a><\/p>\n","protected":false},"excerpt":{"rendered":"<p>1. Allgemeines 1.1 Diese Allgemeinen Gesch\u00e4ftsbedingungen von Hako Schweiz AG gelten f\u00fcr alle von Hako Schweiz AG erbrachten Lieferungen und Leistungen. Anders lautende Bedingungen des Bestellers haben nur G\u00fcltigkeit, soweit<\/p>\n","protected":false},"author":1,"featured_media":0,"parent":0,"menu_order":0,"comment_status":"closed","ping_status":"closed","template":"","meta":{"footnotes":""},"class_list":["post-273","page","type-page","status-publish","hentry"],"yoast_head":"<!-- This site is optimized with the Yoast SEO plugin v27.5 - https:\/\/yoast.com\/product\/yoast-seo-wordpress\/ -->\n<title>Allgemeine Gesch\u00e4ftsbedingungen - Hako Shop<\/title>\n<meta name=\"robots\" content=\"noindex, nofollow\" \/>\n<meta property=\"og:locale\" content=\"de_DE\" \/>\n<meta property=\"og:type\" content=\"article\" \/>\n<meta property=\"og:title\" content=\"Allgemeine Gesch\u00e4ftsbedingungen - Hako Shop\" \/>\n<meta property=\"og:description\" content=\"1. Allgemeines 1.1 Diese Allgemeinen Gesch\u00e4ftsbedingungen von Hako Schweiz AG gelten f\u00fcr alle von Hako Schweiz AG erbrachten Lieferungen und Leistungen. Anders lautende Bedingungen des Bestellers haben nur G\u00fcltigkeit, soweit\" \/>\n<meta property=\"og:url\" content=\"https:\/\/www.hako.ch\/shop\/agb\/\" \/>\n<meta property=\"og:site_name\" content=\"Hako Shop\" \/>\n<meta property=\"article:modified_time\" content=\"2020-07-08T07:23:43+00:00\" \/>\n<meta name=\"twitter:card\" content=\"summary_large_image\" \/>\n<meta name=\"twitter:label1\" content=\"Gesch\u00e4tzte Lesezeit\" \/>\n\t<meta name=\"twitter:data1\" content=\"5\u00a0Minuten\" \/>\n<script type=\"application\/ld+json\" class=\"yoast-schema-graph\">{\"@context\":\"https:\\\/\\\/schema.org\",\"@graph\":[{\"@type\":\"WebPage\",\"@id\":\"https:\\\/\\\/www.hako.ch\\\/shop\\\/agb\\\/\",\"url\":\"https:\\\/\\\/www.hako.ch\\\/shop\\\/agb\\\/\",\"name\":\"Allgemeine Gesch\u00e4ftsbedingungen - Hako Shop\",\"isPartOf\":{\"@id\":\"https:\\\/\\\/www.hako.ch\\\/shop\\\/#website\"},\"datePublished\":\"2019-11-25T12:28:50+00:00\",\"dateModified\":\"2020-07-08T07:23:43+00:00\",\"breadcrumb\":{\"@id\":\"https:\\\/\\\/www.hako.ch\\\/shop\\\/agb\\\/#breadcrumb\"},\"inLanguage\":\"de\",\"potentialAction\":[{\"@type\":\"ReadAction\",\"target\":[\"https:\\\/\\\/www.hako.ch\\\/shop\\\/agb\\\/\"]}]},{\"@type\":\"BreadcrumbList\",\"@id\":\"https:\\\/\\\/www.hako.ch\\\/shop\\\/agb\\\/#breadcrumb\",\"itemListElement\":[{\"@type\":\"ListItem\",\"position\":1,\"name\":\"Startseite\",\"item\":\"https:\\\/\\\/www.hako.ch\\\/shop\\\/\"},{\"@type\":\"ListItem\",\"position\":2,\"name\":\"Allgemeine Gesch\u00e4ftsbedingungen\"}]},{\"@type\":\"WebSite\",\"@id\":\"https:\\\/\\\/www.hako.ch\\\/shop\\\/#website\",\"url\":\"https:\\\/\\\/www.hako.ch\\\/shop\\\/\",\"name\":\"Hako Shop\",\"description\":\"Clean ahead\",\"publisher\":{\"@id\":\"https:\\\/\\\/www.hako.ch\\\/shop\\\/#organization\"},\"potentialAction\":[{\"@type\":\"SearchAction\",\"target\":{\"@type\":\"EntryPoint\",\"urlTemplate\":\"https:\\\/\\\/www.hako.ch\\\/shop\\\/?s={search_term_string}\"},\"query-input\":{\"@type\":\"PropertyValueSpecification\",\"valueRequired\":true,\"valueName\":\"search_term_string\"}}],\"inLanguage\":\"de\"},{\"@type\":\"Organization\",\"@id\":\"https:\\\/\\\/www.hako.ch\\\/shop\\\/#organization\",\"name\":\"Hako Schweiz AG\",\"url\":\"https:\\\/\\\/www.hako.ch\\\/shop\\\/\",\"logo\":{\"@type\":\"ImageObject\",\"inLanguage\":\"de\",\"@id\":\"https:\\\/\\\/www.hako.ch\\\/shop\\\/#\\\/schema\\\/logo\\\/image\\\/\",\"url\":\"https:\\\/\\\/www.hako.ch\\\/shop\\\/wp-content\\\/uploads\\\/2020\\\/03\\\/hako-logo.png\",\"contentUrl\":\"https:\\\/\\\/www.hako.ch\\\/shop\\\/wp-content\\\/uploads\\\/2020\\\/03\\\/hako-logo.png\",\"width\":112,\"height\":46,\"caption\":\"Hako Schweiz AG\"},\"image\":{\"@id\":\"https:\\\/\\\/www.hako.ch\\\/shop\\\/#\\\/schema\\\/logo\\\/image\\\/\"}}]}<\/script>\n<!-- \/ Yoast SEO plugin. -->","yoast_head_json":{"title":"Allgemeine Gesch\u00e4ftsbedingungen - Hako Shop","robots":{"index":"noindex","follow":"nofollow"},"og_locale":"de_DE","og_type":"article","og_title":"Allgemeine Gesch\u00e4ftsbedingungen - Hako Shop","og_description":"1. Allgemeines 1.1 Diese Allgemeinen Gesch\u00e4ftsbedingungen von Hako Schweiz AG gelten f\u00fcr alle von Hako Schweiz AG erbrachten Lieferungen und Leistungen. Anders lautende Bedingungen des Bestellers haben nur G\u00fcltigkeit, soweit","og_url":"https:\/\/www.hako.ch\/shop\/agb\/","og_site_name":"Hako Shop","article_modified_time":"2020-07-08T07:23:43+00:00","twitter_card":"summary_large_image","twitter_misc":{"Gesch\u00e4tzte Lesezeit":"5\u00a0Minuten"},"schema":{"@context":"https:\/\/schema.org","@graph":[{"@type":"WebPage","@id":"https:\/\/www.hako.ch\/shop\/agb\/","url":"https:\/\/www.hako.ch\/shop\/agb\/","name":"Allgemeine Gesch\u00e4ftsbedingungen - Hako Shop","isPartOf":{"@id":"https:\/\/www.hako.ch\/shop\/#website"},"datePublished":"2019-11-25T12:28:50+00:00","dateModified":"2020-07-08T07:23:43+00:00","breadcrumb":{"@id":"https:\/\/www.hako.ch\/shop\/agb\/#breadcrumb"},"inLanguage":"de","potentialAction":[{"@type":"ReadAction","target":["https:\/\/www.hako.ch\/shop\/agb\/"]}]},{"@type":"BreadcrumbList","@id":"https:\/\/www.hako.ch\/shop\/agb\/#breadcrumb","itemListElement":[{"@type":"ListItem","position":1,"name":"Startseite","item":"https:\/\/www.hako.ch\/shop\/"},{"@type":"ListItem","position":2,"name":"Allgemeine Gesch\u00e4ftsbedingungen"}]},{"@type":"WebSite","@id":"https:\/\/www.hako.ch\/shop\/#website","url":"https:\/\/www.hako.ch\/shop\/","name":"Hako Shop","description":"Clean ahead","publisher":{"@id":"https:\/\/www.hako.ch\/shop\/#organization"},"potentialAction":[{"@type":"SearchAction","target":{"@type":"EntryPoint","urlTemplate":"https:\/\/www.hako.ch\/shop\/?s={search_term_string}"},"query-input":{"@type":"PropertyValueSpecification","valueRequired":true,"valueName":"search_term_string"}}],"inLanguage":"de"},{"@type":"Organization","@id":"https:\/\/www.hako.ch\/shop\/#organization","name":"Hako Schweiz AG","url":"https:\/\/www.hako.ch\/shop\/","logo":{"@type":"ImageObject","inLanguage":"de","@id":"https:\/\/www.hako.ch\/shop\/#\/schema\/logo\/image\/","url":"https:\/\/www.hako.ch\/shop\/wp-content\/uploads\/2020\/03\/hako-logo.png","contentUrl":"https:\/\/www.hako.ch\/shop\/wp-content\/uploads\/2020\/03\/hako-logo.png","width":112,"height":46,"caption":"Hako Schweiz AG"},"image":{"@id":"https:\/\/www.hako.ch\/shop\/#\/schema\/logo\/image\/"}}]}},"_links":{"self":[{"href":"https:\/\/www.hako.ch\/shop\/wp-json\/wp\/v2\/pages\/273","targetHints":{"allow":["GET"]}}],"collection":[{"href":"https:\/\/www.hako.ch\/shop\/wp-json\/wp\/v2\/pages"}],"about":[{"href":"https:\/\/www.hako.ch\/shop\/wp-json\/wp\/v2\/types\/page"}],"author":[{"embeddable":true,"href":"https:\/\/www.hako.ch\/shop\/wp-json\/wp\/v2\/users\/1"}],"replies":[{"embeddable":true,"href":"https:\/\/www.hako.ch\/shop\/wp-json\/wp\/v2\/comments?post=273"}],"version-history":[{"count":6,"href":"https:\/\/www.hako.ch\/shop\/wp-json\/wp\/v2\/pages\/273\/revisions"}],"predecessor-version":[{"id":5595,"href":"https:\/\/www.hako.ch\/shop\/wp-json\/wp\/v2\/pages\/273\/revisions\/5595"}],"wp:attachment":[{"href":"https:\/\/www.hako.ch\/shop\/wp-json\/wp\/v2\/media?parent=273"}],"curies":[{"name":"wp","href":"https:\/\/api.w.org\/{rel}","templated":true}]}}