{"id":297,"date":"2020-03-29T12:28:05","date_gmt":"2020-03-29T10:28:05","guid":{"rendered":"https:\/\/www.hako.ch\/shop\/?post_type=product&#038;p=297"},"modified":"2024-06-13T09:23:46","modified_gmt":"2024-06-13T07:23:46","slug":"reinigungsmittel-cleanol-s","status":"publish","type":"product","link":"https:\/\/www.hako.ch\/shop\/produkt\/reinigungsmittel-cleanol-s\/","title":{"rendered":"Grundreiniger Cleanol-S"},"content":{"rendered":"<h2>Grundreiniger Cleanol-S<\/h2>\n<p>Grundreiniger Cleanol-S, der Schmutzverkrustungen, \u00d6l- und Fettr\u00fcckst\u00e4nde entfernt, pH-Wert 13\u201314 unverd\u00fcnnt<\/p>\n<p>Hako Grundreiniger Cleanol-S ist geeignet f\u00fcr die Verwendung auf allen wasser- und alkalibest\u00e4ndige Fussb\u00f6den wie etwa Linoleum, PVC, Marmor, Marmorkomposiet, und allen Keramik- und Natursteinb\u00f6den und vor allem extrem verschmutzten Hartb\u00f6den wie Industrieb\u00f6den und Beton. Hako Cleanol-S ist auch geeignet bei der Entfernung von alten Acryl-polymer schichten.<br \/>\nHako Cleanol-S ist weniger aggressiv f\u00fcr Linoleum als Cleanol HD. Weitere Informationen zu den <a href=\"https:\/\/www.hako.com\/reinigungstechnik\/reinigungsmittel\" target=\"_blank\" rel=\"noopener\">Hako Reinigungsmittel<\/a>.<\/p>\n<p>Signalwort: Gefahr, Achtung<br \/>\n<img loading=\"lazy\" decoding=\"async\" class=\"wp-image-6765 alignleft\" src=\"https:\/\/www.hako.ch\/shop\/wp-content\/uploads\/2020\/06\/ghs02-flamme-150x150.png\" alt=\"\" width=\"60\" height=\"60\" srcset=\"https:\/\/www.hako.ch\/shop\/wp-content\/uploads\/2020\/06\/ghs02-flamme-150x150.png 150w, https:\/\/www.hako.ch\/shop\/wp-content\/uploads\/2020\/06\/ghs02-flamme-300x300.png 300w, https:\/\/www.hako.ch\/shop\/wp-content\/uploads\/2020\/06\/ghs02-flamme-1024x1024.png 1024w, https:\/\/www.hako.ch\/shop\/wp-content\/uploads\/2020\/06\/ghs02-flamme-768x768.png 768w, https:\/\/www.hako.ch\/shop\/wp-content\/uploads\/2020\/06\/ghs02-flamme-1536x1536.png 1536w, https:\/\/www.hako.ch\/shop\/wp-content\/uploads\/2020\/06\/ghs02-flamme-2048x2048.png 2048w, https:\/\/www.hako.ch\/shop\/wp-content\/uploads\/2020\/06\/ghs02-flamme-600x600.png 600w, https:\/\/www.hako.ch\/shop\/wp-content\/uploads\/2020\/06\/ghs02-flamme-100x100.png 100w\" sizes=\"auto, (max-width: 60px) 100vw, 60px\" \/><img loading=\"lazy\" decoding=\"async\" class=\"wp-image-6763 alignleft\" src=\"https:\/\/www.hako.ch\/shop\/wp-content\/uploads\/2020\/03\/ghs07-exclam-150x150.png\" alt=\"\" width=\"60\" height=\"60\" srcset=\"https:\/\/www.hako.ch\/shop\/wp-content\/uploads\/2020\/03\/ghs07-exclam-150x150.png 150w, https:\/\/www.hako.ch\/shop\/wp-content\/uploads\/2020\/03\/ghs07-exclam-300x300.png 300w, https:\/\/www.hako.ch\/shop\/wp-content\/uploads\/2020\/03\/ghs07-exclam-1024x1024.png 1024w, https:\/\/www.hako.ch\/shop\/wp-content\/uploads\/2020\/03\/ghs07-exclam-768x768.png 768w, https:\/\/www.hako.ch\/shop\/wp-content\/uploads\/2020\/03\/ghs07-exclam-1536x1536.png 1536w, https:\/\/www.hako.ch\/shop\/wp-content\/uploads\/2020\/03\/ghs07-exclam-2048x2048.png 2048w, https:\/\/www.hako.ch\/shop\/wp-content\/uploads\/2020\/03\/ghs07-exclam-600x600.png 600w, https:\/\/www.hako.ch\/shop\/wp-content\/uploads\/2020\/03\/ghs07-exclam-100x100.png 100w\" sizes=\"auto, (max-width: 60px) 100vw, 60px\" \/><\/p>\n<p>&nbsp;<\/p>\n<p>Gefahrenhinweis:<br \/>\nH225 <span id=\"page44R_mcid108\" class=\"markedContent\"><span dir=\"ltr\">Fl\u00fcssigkeit und Dampf <\/span><span dir=\"ltr\">leicht entz\u00fcndbar<br \/>\nH319 Verursacht schwere Augenreizung<br \/>\nH336 Kann Schl\u00e4frigkeit und Benommenheit verursachen.<\/span><\/span><\/p>\n","protected":false},"excerpt":{"rendered":"<p>Grundreiniger, entfernt Schmutzverkrustungen, \u00d6l- und Fettr\u00fcckst\u00e4nde, pH-Wert 13\u201314 unverd\u00fcnnt<\/p>\n<p>Signalwort: Gefahr, Achtung<br \/>\n<img loading=\"lazy\" decoding=\"async\" class=\"wp-image-6765 alignleft\" src=\"https:\/\/www.hako.ch\/shop\/wp-content\/uploads\/2020\/06\/ghs02-flamme-150x150.png\" alt=\"\" width=\"60\" height=\"60\" srcset=\"https:\/\/www.hako.ch\/shop\/wp-content\/uploads\/2020\/06\/ghs02-flamme-150x150.png 150w, https:\/\/www.hako.ch\/shop\/wp-content\/uploads\/2020\/06\/ghs02-flamme-300x300.png 300w, https:\/\/www.hako.ch\/shop\/wp-content\/uploads\/2020\/06\/ghs02-flamme-1024x1024.png 1024w, https:\/\/www.hako.ch\/shop\/wp-content\/uploads\/2020\/06\/ghs02-flamme-768x768.png 768w, https:\/\/www.hako.ch\/shop\/wp-content\/uploads\/2020\/06\/ghs02-flamme-1536x1536.png 1536w, https:\/\/www.hako.ch\/shop\/wp-content\/uploads\/2020\/06\/ghs02-flamme-2048x2048.png 2048w, https:\/\/www.hako.ch\/shop\/wp-content\/uploads\/2020\/06\/ghs02-flamme-600x600.png 600w, https:\/\/www.hako.ch\/shop\/wp-content\/uploads\/2020\/06\/ghs02-flamme-100x100.png 100w\" sizes=\"auto, (max-width: 60px) 100vw, 60px\" \/><img loading=\"lazy\" decoding=\"async\" class=\"wp-image-6763 alignleft\" src=\"https:\/\/www.hako.ch\/shop\/wp-content\/uploads\/2020\/03\/ghs07-exclam-150x150.png\" alt=\"\" width=\"60\" height=\"60\" srcset=\"https:\/\/www.hako.ch\/shop\/wp-content\/uploads\/2020\/03\/ghs07-exclam-150x150.png 150w, https:\/\/www.hako.ch\/shop\/wp-content\/uploads\/2020\/03\/ghs07-exclam-300x300.png 300w, https:\/\/www.hako.ch\/shop\/wp-content\/uploads\/2020\/03\/ghs07-exclam-1024x1024.png 1024w, https:\/\/www.hako.ch\/shop\/wp-content\/uploads\/2020\/03\/ghs07-exclam-768x768.png 768w, https:\/\/www.hako.ch\/shop\/wp-content\/uploads\/2020\/03\/ghs07-exclam-1536x1536.png 1536w, https:\/\/www.hako.ch\/shop\/wp-content\/uploads\/2020\/03\/ghs07-exclam-2048x2048.png 2048w, https:\/\/www.hako.ch\/shop\/wp-content\/uploads\/2020\/03\/ghs07-exclam-600x600.png 600w, https:\/\/www.hako.ch\/shop\/wp-content\/uploads\/2020\/03\/ghs07-exclam-100x100.png 100w\" sizes=\"auto, (max-width: 60px) 100vw, 60px\" \/><\/p>\n<p>&nbsp;<\/p>\n<p>&nbsp;<\/p>\n","protected":false},"featured_media":7722,"comment_status":"closed","ping_status":"closed","template":"","meta":[],"product_brand":[],"product_cat":[19],"product_tag":[],"class_list":{"0":"post-297","1":"product","2":"type-product","3":"status-publish","4":"has-post-thumbnail","6":"product_cat-reinigungsmittel","8":"first","9":"instock","10":"taxable","11":"shipping-taxable","12":"purchasable","13":"product-type-variable"},"yoast_head":"<!-- This site is optimized with the Yoast SEO plugin v27.6 - https:\/\/yoast.com\/product\/yoast-seo-wordpress\/ -->\n<title>Grundreiniger Cleanol-S gegen \u00d6l- und Fettr\u00fcckst\u00e4nde - Hako Shop<\/title>\n<meta name=\"description\" content=\"Grundreiniger Cleanol-S, der Schmutzverkrustungen, \u00d6l- und Fettr\u00fcckst\u00e4nde entfernt, pH-Wert 13\u201314 unverd\u00fcnnt. Hako Reinigungsprodukte.\" \/>\n<meta name=\"robots\" content=\"index, follow, max-snippet:-1, max-image-preview:large, max-video-preview:-1\" \/>\n<link rel=\"canonical\" href=\"https:\/\/www.hako.ch\/shop\/produkt\/reinigungsmittel-cleanol-s\/\" \/>\n<meta property=\"og:locale\" content=\"de_DE\" \/>\n<meta property=\"og:type\" content=\"article\" \/>\n<meta property=\"og:title\" content=\"Grundreiniger Cleanol-S gegen \u00d6l- und Fettr\u00fcckst\u00e4nde - Hako Shop\" \/>\n<meta property=\"og:description\" content=\"Grundreiniger Cleanol-S, der Schmutzverkrustungen, \u00d6l- und Fettr\u00fcckst\u00e4nde entfernt, pH-Wert 13\u201314 unverd\u00fcnnt. Hako Reinigungsprodukte.\" \/>\n<meta property=\"og:url\" content=\"https:\/\/www.hako.ch\/shop\/produkt\/reinigungsmittel-cleanol-s\/\" \/>\n<meta property=\"og:site_name\" content=\"Hako Shop\" \/>\n<meta property=\"article:modified_time\" content=\"2024-06-13T07:23:46+00:00\" \/>\n<meta property=\"og:image\" content=\"https:\/\/www.hako.ch\/shop\/wp-content\/uploads\/2020\/03\/cleanol-s-10-liter-zonder-uncode-gross-scaled.jpg\" \/>\n\t<meta property=\"og:image:width\" content=\"1809\" \/>\n\t<meta property=\"og:image:height\" content=\"2560\" \/>\n\t<meta property=\"og:image:type\" content=\"image\/jpeg\" \/>\n<meta name=\"twitter:card\" content=\"summary_large_image\" \/>\n<meta name=\"twitter:label1\" content=\"Gesch\u00e4tzte Lesezeit\" \/>\n\t<meta name=\"twitter:data1\" content=\"2\u00a0Minuten\" \/>\n<script type=\"application\/ld+json\" class=\"yoast-schema-graph\">{\"@context\":\"https:\\\/\\\/schema.org\",\"@graph\":[{\"@type\":\"WebPage\",\"@id\":\"https:\\\/\\\/www.hako.ch\\\/shop\\\/produkt\\\/reinigungsmittel-cleanol-s\\\/\",\"url\":\"https:\\\/\\\/www.hako.ch\\\/shop\\\/produkt\\\/reinigungsmittel-cleanol-s\\\/\",\"name\":\"Grundreiniger Cleanol-S gegen \u00d6l- und Fettr\u00fcckst\u00e4nde - Hako Shop\",\"isPartOf\":{\"@id\":\"https:\\\/\\\/www.hako.ch\\\/shop\\\/#website\"},\"primaryImageOfPage\":{\"@id\":\"https:\\\/\\\/www.hako.ch\\\/shop\\\/produkt\\\/reinigungsmittel-cleanol-s\\\/#primaryimage\"},\"image\":{\"@id\":\"https:\\\/\\\/www.hako.ch\\\/shop\\\/produkt\\\/reinigungsmittel-cleanol-s\\\/#primaryimage\"},\"thumbnailUrl\":\"https:\\\/\\\/www.hako.ch\\\/shop\\\/wp-content\\\/uploads\\\/2020\\\/03\\\/cleanol-s-10-liter-zonder-uncode-gross-scaled.jpg\",\"datePublished\":\"2020-03-29T10:28:05+00:00\",\"dateModified\":\"2024-06-13T07:23:46+00:00\",\"description\":\"Grundreiniger Cleanol-S, der Schmutzverkrustungen, \u00d6l- und Fettr\u00fcckst\u00e4nde entfernt, pH-Wert 13\u201314 unverd\u00fcnnt. Hako Reinigungsprodukte.\",\"breadcrumb\":{\"@id\":\"https:\\\/\\\/www.hako.ch\\\/shop\\\/produkt\\\/reinigungsmittel-cleanol-s\\\/#breadcrumb\"},\"inLanguage\":\"de\",\"potentialAction\":[{\"@type\":\"ReadAction\",\"target\":[\"https:\\\/\\\/www.hako.ch\\\/shop\\\/produkt\\\/reinigungsmittel-cleanol-s\\\/\"]}]},{\"@type\":\"ImageObject\",\"inLanguage\":\"de\",\"@id\":\"https:\\\/\\\/www.hako.ch\\\/shop\\\/produkt\\\/reinigungsmittel-cleanol-s\\\/#primaryimage\",\"url\":\"https:\\\/\\\/www.hako.ch\\\/shop\\\/wp-content\\\/uploads\\\/2020\\\/03\\\/cleanol-s-10-liter-zonder-uncode-gross-scaled.jpg\",\"contentUrl\":\"https:\\\/\\\/www.hako.ch\\\/shop\\\/wp-content\\\/uploads\\\/2020\\\/03\\\/cleanol-s-10-liter-zonder-uncode-gross-scaled.jpg\",\"width\":1809,\"height\":2560},{\"@type\":\"BreadcrumbList\",\"@id\":\"https:\\\/\\\/www.hako.ch\\\/shop\\\/produkt\\\/reinigungsmittel-cleanol-s\\\/#breadcrumb\",\"itemListElement\":[{\"@type\":\"ListItem\",\"position\":1,\"name\":\"Startseite\",\"item\":\"https:\\\/\\\/www.hako.ch\\\/shop\\\/\"},{\"@type\":\"ListItem\",\"position\":2,\"name\":\"Shop\",\"item\":\"https:\\\/\\\/www.hako.ch\\\/shop\\\/shop-2\\\/\"},{\"@type\":\"ListItem\",\"position\":3,\"name\":\"Grundreiniger Cleanol-S\"}]},{\"@type\":\"WebSite\",\"@id\":\"https:\\\/\\\/www.hako.ch\\\/shop\\\/#website\",\"url\":\"https:\\\/\\\/www.hako.ch\\\/shop\\\/\",\"name\":\"Hako Shop\",\"description\":\"Clean ahead\",\"publisher\":{\"@id\":\"https:\\\/\\\/www.hako.ch\\\/shop\\\/#organization\"},\"potentialAction\":[{\"@type\":\"SearchAction\",\"target\":{\"@type\":\"EntryPoint\",\"urlTemplate\":\"https:\\\/\\\/www.hako.ch\\\/shop\\\/?s={search_term_string}\"},\"query-input\":{\"@type\":\"PropertyValueSpecification\",\"valueRequired\":true,\"valueName\":\"search_term_string\"}}],\"inLanguage\":\"de\"},{\"@type\":\"Organization\",\"@id\":\"https:\\\/\\\/www.hako.ch\\\/shop\\\/#organization\",\"name\":\"Hako Schweiz AG\",\"url\":\"https:\\\/\\\/www.hako.ch\\\/shop\\\/\",\"logo\":{\"@type\":\"ImageObject\",\"inLanguage\":\"de\",\"@id\":\"https:\\\/\\\/www.hako.ch\\\/shop\\\/#\\\/schema\\\/logo\\\/image\\\/\",\"url\":\"https:\\\/\\\/www.hako.ch\\\/shop\\\/wp-content\\\/uploads\\\/2020\\\/03\\\/hako-logo.png\",\"contentUrl\":\"https:\\\/\\\/www.hako.ch\\\/shop\\\/wp-content\\\/uploads\\\/2020\\\/03\\\/hako-logo.png\",\"width\":112,\"height\":46,\"caption\":\"Hako Schweiz AG\"},\"image\":{\"@id\":\"https:\\\/\\\/www.hako.ch\\\/shop\\\/#\\\/schema\\\/logo\\\/image\\\/\"}}]}<\/script>\n<!-- \/ Yoast SEO plugin. -->","yoast_head_json":{"title":"Grundreiniger Cleanol-S gegen \u00d6l- und Fettr\u00fcckst\u00e4nde - Hako Shop","description":"Grundreiniger Cleanol-S, der Schmutzverkrustungen, \u00d6l- und Fettr\u00fcckst\u00e4nde entfernt, pH-Wert 13\u201314 unverd\u00fcnnt. Hako Reinigungsprodukte.","robots":{"index":"index","follow":"follow","max-snippet":"max-snippet:-1","max-image-preview":"max-image-preview:large","max-video-preview":"max-video-preview:-1"},"canonical":"https:\/\/www.hako.ch\/shop\/produkt\/reinigungsmittel-cleanol-s\/","og_locale":"de_DE","og_type":"article","og_title":"Grundreiniger Cleanol-S gegen \u00d6l- und Fettr\u00fcckst\u00e4nde - Hako Shop","og_description":"Grundreiniger Cleanol-S, der Schmutzverkrustungen, \u00d6l- und Fettr\u00fcckst\u00e4nde entfernt, pH-Wert 13\u201314 unverd\u00fcnnt. Hako Reinigungsprodukte.","og_url":"https:\/\/www.hako.ch\/shop\/produkt\/reinigungsmittel-cleanol-s\/","og_site_name":"Hako Shop","article_modified_time":"2024-06-13T07:23:46+00:00","og_image":[{"width":1809,"height":2560,"url":"https:\/\/www.hako.ch\/shop\/wp-content\/uploads\/2020\/03\/cleanol-s-10-liter-zonder-uncode-gross-scaled.jpg","type":"image\/jpeg"}],"twitter_card":"summary_large_image","twitter_misc":{"Gesch\u00e4tzte Lesezeit":"2\u00a0Minuten"},"schema":{"@context":"https:\/\/schema.org","@graph":[{"@type":"WebPage","@id":"https:\/\/www.hako.ch\/shop\/produkt\/reinigungsmittel-cleanol-s\/","url":"https:\/\/www.hako.ch\/shop\/produkt\/reinigungsmittel-cleanol-s\/","name":"Grundreiniger Cleanol-S gegen \u00d6l- und Fettr\u00fcckst\u00e4nde - Hako Shop","isPartOf":{"@id":"https:\/\/www.hako.ch\/shop\/#website"},"primaryImageOfPage":{"@id":"https:\/\/www.hako.ch\/shop\/produkt\/reinigungsmittel-cleanol-s\/#primaryimage"},"image":{"@id":"https:\/\/www.hako.ch\/shop\/produkt\/reinigungsmittel-cleanol-s\/#primaryimage"},"thumbnailUrl":"https:\/\/www.hako.ch\/shop\/wp-content\/uploads\/2020\/03\/cleanol-s-10-liter-zonder-uncode-gross-scaled.jpg","datePublished":"2020-03-29T10:28:05+00:00","dateModified":"2024-06-13T07:23:46+00:00","description":"Grundreiniger Cleanol-S, der Schmutzverkrustungen, \u00d6l- und Fettr\u00fcckst\u00e4nde entfernt, pH-Wert 13\u201314 unverd\u00fcnnt. Hako Reinigungsprodukte.","breadcrumb":{"@id":"https:\/\/www.hako.ch\/shop\/produkt\/reinigungsmittel-cleanol-s\/#breadcrumb"},"inLanguage":"de","potentialAction":[{"@type":"ReadAction","target":["https:\/\/www.hako.ch\/shop\/produkt\/reinigungsmittel-cleanol-s\/"]}]},{"@type":"ImageObject","inLanguage":"de","@id":"https:\/\/www.hako.ch\/shop\/produkt\/reinigungsmittel-cleanol-s\/#primaryimage","url":"https:\/\/www.hako.ch\/shop\/wp-content\/uploads\/2020\/03\/cleanol-s-10-liter-zonder-uncode-gross-scaled.jpg","contentUrl":"https:\/\/www.hako.ch\/shop\/wp-content\/uploads\/2020\/03\/cleanol-s-10-liter-zonder-uncode-gross-scaled.jpg","width":1809,"height":2560},{"@type":"BreadcrumbList","@id":"https:\/\/www.hako.ch\/shop\/produkt\/reinigungsmittel-cleanol-s\/#breadcrumb","itemListElement":[{"@type":"ListItem","position":1,"name":"Startseite","item":"https:\/\/www.hako.ch\/shop\/"},{"@type":"ListItem","position":2,"name":"Shop","item":"https:\/\/www.hako.ch\/shop\/shop-2\/"},{"@type":"ListItem","position":3,"name":"Grundreiniger Cleanol-S"}]},{"@type":"WebSite","@id":"https:\/\/www.hako.ch\/shop\/#website","url":"https:\/\/www.hako.ch\/shop\/","name":"Hako Shop","description":"Clean ahead","publisher":{"@id":"https:\/\/www.hako.ch\/shop\/#organization"},"potentialAction":[{"@type":"SearchAction","target":{"@type":"EntryPoint","urlTemplate":"https:\/\/www.hako.ch\/shop\/?s={search_term_string}"},"query-input":{"@type":"PropertyValueSpecification","valueRequired":true,"valueName":"search_term_string"}}],"inLanguage":"de"},{"@type":"Organization","@id":"https:\/\/www.hako.ch\/shop\/#organization","name":"Hako Schweiz AG","url":"https:\/\/www.hako.ch\/shop\/","logo":{"@type":"ImageObject","inLanguage":"de","@id":"https:\/\/www.hako.ch\/shop\/#\/schema\/logo\/image\/","url":"https:\/\/www.hako.ch\/shop\/wp-content\/uploads\/2020\/03\/hako-logo.png","contentUrl":"https:\/\/www.hako.ch\/shop\/wp-content\/uploads\/2020\/03\/hako-logo.png","width":112,"height":46,"caption":"Hako Schweiz AG"},"image":{"@id":"https:\/\/www.hako.ch\/shop\/#\/schema\/logo\/image\/"}}]}},"_links":{"self":[{"href":"https:\/\/www.hako.ch\/shop\/wp-json\/wp\/v2\/product\/297","targetHints":{"allow":["GET"]}}],"collection":[{"href":"https:\/\/www.hako.ch\/shop\/wp-json\/wp\/v2\/product"}],"about":[{"href":"https:\/\/www.hako.ch\/shop\/wp-json\/wp\/v2\/types\/product"}],"replies":[{"embeddable":true,"href":"https:\/\/www.hako.ch\/shop\/wp-json\/wp\/v2\/comments?post=297"}],"wp:featuredmedia":[{"embeddable":true,"href":"https:\/\/www.hako.ch\/shop\/wp-json\/wp\/v2\/media\/7722"}],"wp:attachment":[{"href":"https:\/\/www.hako.ch\/shop\/wp-json\/wp\/v2\/media?parent=297"}],"wp:term":[{"taxonomy":"product_brand","embeddable":true,"href":"https:\/\/www.hako.ch\/shop\/wp-json\/wp\/v2\/product_brand?post=297"},{"taxonomy":"product_cat","embeddable":true,"href":"https:\/\/www.hako.ch\/shop\/wp-json\/wp\/v2\/product_cat?post=297"},{"taxonomy":"product_tag","embeddable":true,"href":"https:\/\/www.hako.ch\/shop\/wp-json\/wp\/v2\/product_tag?post=297"}],"curies":[{"name":"wp","href":"https:\/\/api.w.org\/{rel}","templated":true}]}}