{"id":300,"date":"2020-03-29T12:34:23","date_gmt":"2020-03-29T10:34:23","guid":{"rendered":"https:\/\/www.hako.ch\/shop\/?post_type=product&#038;p=300"},"modified":"2024-06-13T09:24:32","modified_gmt":"2024-06-13T07:24:32","slug":"reinigungsmittel-cleanol-r","status":"publish","type":"product","link":"https:\/\/www.hako.ch\/shop\/produkt\/reinigungsmittel-cleanol-r\/","title":{"rendered":"Gummiabrieb Entferner Cleanol-R"},"content":{"rendered":"<h2 style=\"text-align: left;\">Gummiabrieb Entferner Cleanol-R<\/h2>\n<p>(Manuelle Anwendung) Entferner f\u00fcr Gummiabrieb auf Industrieb\u00f6den, pH-Wert 11,5\u201312,5<\/p>\n<p>Hako Reinigungsmittel Cleanol-R ist geeignet f\u00fcr die Verwendung auf allen wasser und alkalibest\u00e4ndigen Fussb\u00f6den. Ein Vorspr\u00fchmittel f\u00fcr die Entfernung<br \/>\nvon Gummispuren und -striche von Schuhen, Reifen von Gabelstaplern usw.<br \/>\nHako <a href=\"https:\/\/www.hako.ch\/fileadmin\/PDFs\/Reinigungsmittel\/Reinigungsmittel_Cleanol_R.pdf\" target=\"_blank\" rel=\"noopener\">Cleanol-R<\/a> ist ein sehr effektives Produkt aber es ist nicht geeignet f\u00fcr die Verwendung in Hako-Scheuersaugmaschinen.<\/p>\n<p>Signalwort: Achtung, Gefahr<br \/>\n<img loading=\"lazy\" decoding=\"async\" class=\"alignleft wp-image-6763\" src=\"https:\/\/www.hako.ch\/shop\/wp-content\/uploads\/2020\/03\/ghs07-exclam-150x150.png\" alt=\"\" width=\"60\" height=\"60\" srcset=\"https:\/\/www.hako.ch\/shop\/wp-content\/uploads\/2020\/03\/ghs07-exclam-150x150.png 150w, https:\/\/www.hako.ch\/shop\/wp-content\/uploads\/2020\/03\/ghs07-exclam-300x300.png 300w, https:\/\/www.hako.ch\/shop\/wp-content\/uploads\/2020\/03\/ghs07-exclam-1024x1024.png 1024w, https:\/\/www.hako.ch\/shop\/wp-content\/uploads\/2020\/03\/ghs07-exclam-768x768.png 768w, https:\/\/www.hako.ch\/shop\/wp-content\/uploads\/2020\/03\/ghs07-exclam-1536x1536.png 1536w, https:\/\/www.hako.ch\/shop\/wp-content\/uploads\/2020\/03\/ghs07-exclam-2048x2048.png 2048w, https:\/\/www.hako.ch\/shop\/wp-content\/uploads\/2020\/03\/ghs07-exclam-600x600.png 600w, https:\/\/www.hako.ch\/shop\/wp-content\/uploads\/2020\/03\/ghs07-exclam-100x100.png 100w\" sizes=\"auto, (max-width: 60px) 100vw, 60px\" \/> <img loading=\"lazy\" decoding=\"async\" class=\"alignleft wp-image-6761\" src=\"https:\/\/www.hako.ch\/shop\/wp-content\/uploads\/2020\/03\/ghs05-acid-red-150x150.png\" alt=\"\" width=\"60\" height=\"60\" srcset=\"https:\/\/www.hako.ch\/shop\/wp-content\/uploads\/2020\/03\/ghs05-acid-red-150x150.png 150w, https:\/\/www.hako.ch\/shop\/wp-content\/uploads\/2020\/03\/ghs05-acid-red-300x300.png 300w, https:\/\/www.hako.ch\/shop\/wp-content\/uploads\/2020\/03\/ghs05-acid-red-1024x1024.png 1024w, https:\/\/www.hako.ch\/shop\/wp-content\/uploads\/2020\/03\/ghs05-acid-red-768x768.png 768w, https:\/\/www.hako.ch\/shop\/wp-content\/uploads\/2020\/03\/ghs05-acid-red-1536x1536.png 1536w, https:\/\/www.hako.ch\/shop\/wp-content\/uploads\/2020\/03\/ghs05-acid-red-2048x2048.png 2048w, https:\/\/www.hako.ch\/shop\/wp-content\/uploads\/2020\/03\/ghs05-acid-red-600x600.png 600w, https:\/\/www.hako.ch\/shop\/wp-content\/uploads\/2020\/03\/ghs05-acid-red-100x100.png 100w\" sizes=\"auto, (max-width: 60px) 100vw, 60px\" \/><\/p>\n<p>&nbsp;<\/p>\n<p>Gefahrenhinweis:<br \/>\n<span id=\"page60R_mcid22\" class=\"markedContent\"><span dir=\"ltr\">H302 Gesundheitssch\u00e4dlich bei Verschlucken<br \/>\nH312 Gesundheitssch\u00e4dlich bei Hautkontakt<br \/>\nH315 Verursacht Hautreizungen<br \/>\nH318 Verursacht schwere Augensch\u00e4den<br \/>\nH319 Verursacht schwere Augenreizung<br \/>\nH332 Gesundheitssch\u00e4dlich bei Einatmen<\/span><\/span><\/p>\n","protected":false},"excerpt":{"rendered":"<p>(Manuelle Anwendung) Gummiabrieb Entferner Cleanol-R auf Industrieb\u00f6den, pH-Wert 11,5\u201312,5<\/p>\n<p>Signalwort: Achtung, Gefahr<br \/>\n<img loading=\"lazy\" decoding=\"async\" class=\"alignleft wp-image-6763\" src=\"https:\/\/www.hako.ch\/shop\/wp-content\/uploads\/2020\/03\/ghs07-exclam-150x150.png\" alt=\"\" width=\"60\" height=\"60\" srcset=\"https:\/\/www.hako.ch\/shop\/wp-content\/uploads\/2020\/03\/ghs07-exclam-150x150.png 150w, https:\/\/www.hako.ch\/shop\/wp-content\/uploads\/2020\/03\/ghs07-exclam-300x300.png 300w, https:\/\/www.hako.ch\/shop\/wp-content\/uploads\/2020\/03\/ghs07-exclam-1024x1024.png 1024w, https:\/\/www.hako.ch\/shop\/wp-content\/uploads\/2020\/03\/ghs07-exclam-768x768.png 768w, https:\/\/www.hako.ch\/shop\/wp-content\/uploads\/2020\/03\/ghs07-exclam-1536x1536.png 1536w, https:\/\/www.hako.ch\/shop\/wp-content\/uploads\/2020\/03\/ghs07-exclam-2048x2048.png 2048w, https:\/\/www.hako.ch\/shop\/wp-content\/uploads\/2020\/03\/ghs07-exclam-600x600.png 600w, https:\/\/www.hako.ch\/shop\/wp-content\/uploads\/2020\/03\/ghs07-exclam-100x100.png 100w\" sizes=\"auto, (max-width: 60px) 100vw, 60px\" \/> <img loading=\"lazy\" decoding=\"async\" class=\"alignleft wp-image-6761\" src=\"https:\/\/www.hako.ch\/shop\/wp-content\/uploads\/2020\/03\/ghs05-acid-red-150x150.png\" alt=\"\" width=\"60\" height=\"60\" srcset=\"https:\/\/www.hako.ch\/shop\/wp-content\/uploads\/2020\/03\/ghs05-acid-red-150x150.png 150w, https:\/\/www.hako.ch\/shop\/wp-content\/uploads\/2020\/03\/ghs05-acid-red-300x300.png 300w, https:\/\/www.hako.ch\/shop\/wp-content\/uploads\/2020\/03\/ghs05-acid-red-1024x1024.png 1024w, https:\/\/www.hako.ch\/shop\/wp-content\/uploads\/2020\/03\/ghs05-acid-red-768x768.png 768w, https:\/\/www.hako.ch\/shop\/wp-content\/uploads\/2020\/03\/ghs05-acid-red-1536x1536.png 1536w, https:\/\/www.hako.ch\/shop\/wp-content\/uploads\/2020\/03\/ghs05-acid-red-2048x2048.png 2048w, https:\/\/www.hako.ch\/shop\/wp-content\/uploads\/2020\/03\/ghs05-acid-red-600x600.png 600w, https:\/\/www.hako.ch\/shop\/wp-content\/uploads\/2020\/03\/ghs05-acid-red-100x100.png 100w\" sizes=\"auto, (max-width: 60px) 100vw, 60px\" \/><\/p>\n<p>&nbsp;<\/p>\n","protected":false},"featured_media":6932,"comment_status":"closed","ping_status":"closed","template":"","meta":[],"product_brand":[],"product_cat":[19],"product_tag":[],"class_list":{"0":"post-300","1":"product","2":"type-product","3":"status-publish","4":"has-post-thumbnail","6":"product_cat-reinigungsmittel","8":"first","9":"instock","10":"taxable","11":"shipping-taxable","12":"purchasable","13":"product-type-variable"},"yoast_head":"<!-- This site is optimized with the Yoast SEO plugin v27.5 - https:\/\/yoast.com\/product\/yoast-seo-wordpress\/ -->\n<title>Gummiabrieb Entferner Cleanol-R Reinigungsmittel - Hako Shop<\/title>\n<meta name=\"description\" content=\"Hako Reinigungsmittel f\u00fcr Gummiabrieb Entferner Cleanol-R ist geeignet f\u00fcr die Verwendung auf allen wasser und alkalibest\u00e4ndigen Fussb\u00f6den.\" \/>\n<meta name=\"robots\" content=\"index, follow, max-snippet:-1, max-image-preview:large, max-video-preview:-1\" \/>\n<link rel=\"canonical\" href=\"https:\/\/www.hako.ch\/shop\/produkt\/reinigungsmittel-cleanol-r\/\" \/>\n<meta property=\"og:locale\" content=\"de_DE\" \/>\n<meta property=\"og:type\" content=\"article\" \/>\n<meta property=\"og:title\" content=\"Gummiabrieb Entferner Cleanol-R Reinigungsmittel - Hako Shop\" \/>\n<meta property=\"og:description\" content=\"Hako Reinigungsmittel f\u00fcr Gummiabrieb Entferner Cleanol-R ist geeignet f\u00fcr die Verwendung auf allen wasser und alkalibest\u00e4ndigen Fussb\u00f6den.\" \/>\n<meta property=\"og:url\" content=\"https:\/\/www.hako.ch\/shop\/produkt\/reinigungsmittel-cleanol-r\/\" \/>\n<meta property=\"og:site_name\" content=\"Hako Shop\" \/>\n<meta property=\"article:modified_time\" content=\"2024-06-13T07:24:32+00:00\" \/>\n<meta property=\"og:image\" content=\"https:\/\/www.hako.ch\/shop\/wp-content\/uploads\/2020\/03\/cleanol-r-10-liter-zonder-uncode-1.jpg\" \/>\n\t<meta property=\"og:image:width\" content=\"595\" \/>\n\t<meta property=\"og:image:height\" content=\"842\" \/>\n\t<meta property=\"og:image:type\" content=\"image\/jpeg\" \/>\n<meta name=\"twitter:card\" content=\"summary_large_image\" \/>\n<meta name=\"twitter:label1\" content=\"Gesch\u00e4tzte Lesezeit\" \/>\n\t<meta name=\"twitter:data1\" content=\"2\u00a0Minuten\" \/>\n<script type=\"application\/ld+json\" class=\"yoast-schema-graph\">{\"@context\":\"https:\\\/\\\/schema.org\",\"@graph\":[{\"@type\":\"WebPage\",\"@id\":\"https:\\\/\\\/www.hako.ch\\\/shop\\\/produkt\\\/reinigungsmittel-cleanol-r\\\/\",\"url\":\"https:\\\/\\\/www.hako.ch\\\/shop\\\/produkt\\\/reinigungsmittel-cleanol-r\\\/\",\"name\":\"Gummiabrieb Entferner Cleanol-R Reinigungsmittel - Hako Shop\",\"isPartOf\":{\"@id\":\"https:\\\/\\\/www.hako.ch\\\/shop\\\/#website\"},\"primaryImageOfPage\":{\"@id\":\"https:\\\/\\\/www.hako.ch\\\/shop\\\/produkt\\\/reinigungsmittel-cleanol-r\\\/#primaryimage\"},\"image\":{\"@id\":\"https:\\\/\\\/www.hako.ch\\\/shop\\\/produkt\\\/reinigungsmittel-cleanol-r\\\/#primaryimage\"},\"thumbnailUrl\":\"https:\\\/\\\/www.hako.ch\\\/shop\\\/wp-content\\\/uploads\\\/2020\\\/03\\\/cleanol-r-10-liter-zonder-uncode-1.jpg\",\"datePublished\":\"2020-03-29T10:34:23+00:00\",\"dateModified\":\"2024-06-13T07:24:32+00:00\",\"description\":\"Hako Reinigungsmittel f\u00fcr Gummiabrieb Entferner Cleanol-R ist geeignet f\u00fcr die Verwendung auf allen wasser und alkalibest\u00e4ndigen Fussb\u00f6den.\",\"breadcrumb\":{\"@id\":\"https:\\\/\\\/www.hako.ch\\\/shop\\\/produkt\\\/reinigungsmittel-cleanol-r\\\/#breadcrumb\"},\"inLanguage\":\"de\",\"potentialAction\":[{\"@type\":\"ReadAction\",\"target\":[\"https:\\\/\\\/www.hako.ch\\\/shop\\\/produkt\\\/reinigungsmittel-cleanol-r\\\/\"]}]},{\"@type\":\"ImageObject\",\"inLanguage\":\"de\",\"@id\":\"https:\\\/\\\/www.hako.ch\\\/shop\\\/produkt\\\/reinigungsmittel-cleanol-r\\\/#primaryimage\",\"url\":\"https:\\\/\\\/www.hako.ch\\\/shop\\\/wp-content\\\/uploads\\\/2020\\\/03\\\/cleanol-r-10-liter-zonder-uncode-1.jpg\",\"contentUrl\":\"https:\\\/\\\/www.hako.ch\\\/shop\\\/wp-content\\\/uploads\\\/2020\\\/03\\\/cleanol-r-10-liter-zonder-uncode-1.jpg\",\"width\":595,\"height\":842},{\"@type\":\"BreadcrumbList\",\"@id\":\"https:\\\/\\\/www.hako.ch\\\/shop\\\/produkt\\\/reinigungsmittel-cleanol-r\\\/#breadcrumb\",\"itemListElement\":[{\"@type\":\"ListItem\",\"position\":1,\"name\":\"Startseite\",\"item\":\"https:\\\/\\\/www.hako.ch\\\/shop\\\/\"},{\"@type\":\"ListItem\",\"position\":2,\"name\":\"Shop\",\"item\":\"https:\\\/\\\/www.hako.ch\\\/shop\\\/shop-2\\\/\"},{\"@type\":\"ListItem\",\"position\":3,\"name\":\"Gummiabrieb Entferner Cleanol-R\"}]},{\"@type\":\"WebSite\",\"@id\":\"https:\\\/\\\/www.hako.ch\\\/shop\\\/#website\",\"url\":\"https:\\\/\\\/www.hako.ch\\\/shop\\\/\",\"name\":\"Hako Shop\",\"description\":\"Clean ahead\",\"publisher\":{\"@id\":\"https:\\\/\\\/www.hako.ch\\\/shop\\\/#organization\"},\"potentialAction\":[{\"@type\":\"SearchAction\",\"target\":{\"@type\":\"EntryPoint\",\"urlTemplate\":\"https:\\\/\\\/www.hako.ch\\\/shop\\\/?s={search_term_string}\"},\"query-input\":{\"@type\":\"PropertyValueSpecification\",\"valueRequired\":true,\"valueName\":\"search_term_string\"}}],\"inLanguage\":\"de\"},{\"@type\":\"Organization\",\"@id\":\"https:\\\/\\\/www.hako.ch\\\/shop\\\/#organization\",\"name\":\"Hako Schweiz AG\",\"url\":\"https:\\\/\\\/www.hako.ch\\\/shop\\\/\",\"logo\":{\"@type\":\"ImageObject\",\"inLanguage\":\"de\",\"@id\":\"https:\\\/\\\/www.hako.ch\\\/shop\\\/#\\\/schema\\\/logo\\\/image\\\/\",\"url\":\"https:\\\/\\\/www.hako.ch\\\/shop\\\/wp-content\\\/uploads\\\/2020\\\/03\\\/hako-logo.png\",\"contentUrl\":\"https:\\\/\\\/www.hako.ch\\\/shop\\\/wp-content\\\/uploads\\\/2020\\\/03\\\/hako-logo.png\",\"width\":112,\"height\":46,\"caption\":\"Hako Schweiz AG\"},\"image\":{\"@id\":\"https:\\\/\\\/www.hako.ch\\\/shop\\\/#\\\/schema\\\/logo\\\/image\\\/\"}}]}<\/script>\n<!-- \/ Yoast SEO plugin. -->","yoast_head_json":{"title":"Gummiabrieb Entferner Cleanol-R Reinigungsmittel - Hako Shop","description":"Hako Reinigungsmittel f\u00fcr Gummiabrieb Entferner Cleanol-R ist geeignet f\u00fcr die Verwendung auf allen wasser und alkalibest\u00e4ndigen Fussb\u00f6den.","robots":{"index":"index","follow":"follow","max-snippet":"max-snippet:-1","max-image-preview":"max-image-preview:large","max-video-preview":"max-video-preview:-1"},"canonical":"https:\/\/www.hako.ch\/shop\/produkt\/reinigungsmittel-cleanol-r\/","og_locale":"de_DE","og_type":"article","og_title":"Gummiabrieb Entferner Cleanol-R Reinigungsmittel - Hako Shop","og_description":"Hako Reinigungsmittel f\u00fcr Gummiabrieb Entferner Cleanol-R ist geeignet f\u00fcr die Verwendung auf allen wasser und alkalibest\u00e4ndigen Fussb\u00f6den.","og_url":"https:\/\/www.hako.ch\/shop\/produkt\/reinigungsmittel-cleanol-r\/","og_site_name":"Hako Shop","article_modified_time":"2024-06-13T07:24:32+00:00","og_image":[{"width":595,"height":842,"url":"https:\/\/www.hako.ch\/shop\/wp-content\/uploads\/2020\/03\/cleanol-r-10-liter-zonder-uncode-1.jpg","type":"image\/jpeg"}],"twitter_card":"summary_large_image","twitter_misc":{"Gesch\u00e4tzte Lesezeit":"2\u00a0Minuten"},"schema":{"@context":"https:\/\/schema.org","@graph":[{"@type":"WebPage","@id":"https:\/\/www.hako.ch\/shop\/produkt\/reinigungsmittel-cleanol-r\/","url":"https:\/\/www.hako.ch\/shop\/produkt\/reinigungsmittel-cleanol-r\/","name":"Gummiabrieb Entferner Cleanol-R Reinigungsmittel - Hako Shop","isPartOf":{"@id":"https:\/\/www.hako.ch\/shop\/#website"},"primaryImageOfPage":{"@id":"https:\/\/www.hako.ch\/shop\/produkt\/reinigungsmittel-cleanol-r\/#primaryimage"},"image":{"@id":"https:\/\/www.hako.ch\/shop\/produkt\/reinigungsmittel-cleanol-r\/#primaryimage"},"thumbnailUrl":"https:\/\/www.hako.ch\/shop\/wp-content\/uploads\/2020\/03\/cleanol-r-10-liter-zonder-uncode-1.jpg","datePublished":"2020-03-29T10:34:23+00:00","dateModified":"2024-06-13T07:24:32+00:00","description":"Hako Reinigungsmittel f\u00fcr Gummiabrieb Entferner Cleanol-R ist geeignet f\u00fcr die Verwendung auf allen wasser und alkalibest\u00e4ndigen Fussb\u00f6den.","breadcrumb":{"@id":"https:\/\/www.hako.ch\/shop\/produkt\/reinigungsmittel-cleanol-r\/#breadcrumb"},"inLanguage":"de","potentialAction":[{"@type":"ReadAction","target":["https:\/\/www.hako.ch\/shop\/produkt\/reinigungsmittel-cleanol-r\/"]}]},{"@type":"ImageObject","inLanguage":"de","@id":"https:\/\/www.hako.ch\/shop\/produkt\/reinigungsmittel-cleanol-r\/#primaryimage","url":"https:\/\/www.hako.ch\/shop\/wp-content\/uploads\/2020\/03\/cleanol-r-10-liter-zonder-uncode-1.jpg","contentUrl":"https:\/\/www.hako.ch\/shop\/wp-content\/uploads\/2020\/03\/cleanol-r-10-liter-zonder-uncode-1.jpg","width":595,"height":842},{"@type":"BreadcrumbList","@id":"https:\/\/www.hako.ch\/shop\/produkt\/reinigungsmittel-cleanol-r\/#breadcrumb","itemListElement":[{"@type":"ListItem","position":1,"name":"Startseite","item":"https:\/\/www.hako.ch\/shop\/"},{"@type":"ListItem","position":2,"name":"Shop","item":"https:\/\/www.hako.ch\/shop\/shop-2\/"},{"@type":"ListItem","position":3,"name":"Gummiabrieb Entferner Cleanol-R"}]},{"@type":"WebSite","@id":"https:\/\/www.hako.ch\/shop\/#website","url":"https:\/\/www.hako.ch\/shop\/","name":"Hako Shop","description":"Clean ahead","publisher":{"@id":"https:\/\/www.hako.ch\/shop\/#organization"},"potentialAction":[{"@type":"SearchAction","target":{"@type":"EntryPoint","urlTemplate":"https:\/\/www.hako.ch\/shop\/?s={search_term_string}"},"query-input":{"@type":"PropertyValueSpecification","valueRequired":true,"valueName":"search_term_string"}}],"inLanguage":"de"},{"@type":"Organization","@id":"https:\/\/www.hako.ch\/shop\/#organization","name":"Hako Schweiz AG","url":"https:\/\/www.hako.ch\/shop\/","logo":{"@type":"ImageObject","inLanguage":"de","@id":"https:\/\/www.hako.ch\/shop\/#\/schema\/logo\/image\/","url":"https:\/\/www.hako.ch\/shop\/wp-content\/uploads\/2020\/03\/hako-logo.png","contentUrl":"https:\/\/www.hako.ch\/shop\/wp-content\/uploads\/2020\/03\/hako-logo.png","width":112,"height":46,"caption":"Hako Schweiz AG"},"image":{"@id":"https:\/\/www.hako.ch\/shop\/#\/schema\/logo\/image\/"}}]}},"_links":{"self":[{"href":"https:\/\/www.hako.ch\/shop\/wp-json\/wp\/v2\/product\/300","targetHints":{"allow":["GET"]}}],"collection":[{"href":"https:\/\/www.hako.ch\/shop\/wp-json\/wp\/v2\/product"}],"about":[{"href":"https:\/\/www.hako.ch\/shop\/wp-json\/wp\/v2\/types\/product"}],"replies":[{"embeddable":true,"href":"https:\/\/www.hako.ch\/shop\/wp-json\/wp\/v2\/comments?post=300"}],"wp:featuredmedia":[{"embeddable":true,"href":"https:\/\/www.hako.ch\/shop\/wp-json\/wp\/v2\/media\/6932"}],"wp:attachment":[{"href":"https:\/\/www.hako.ch\/shop\/wp-json\/wp\/v2\/media?parent=300"}],"wp:term":[{"taxonomy":"product_brand","embeddable":true,"href":"https:\/\/www.hako.ch\/shop\/wp-json\/wp\/v2\/product_brand?post=300"},{"taxonomy":"product_cat","embeddable":true,"href":"https:\/\/www.hako.ch\/shop\/wp-json\/wp\/v2\/product_cat?post=300"},{"taxonomy":"product_tag","embeddable":true,"href":"https:\/\/www.hako.ch\/shop\/wp-json\/wp\/v2\/product_tag?post=300"}],"curies":[{"name":"wp","href":"https:\/\/api.w.org\/{rel}","templated":true}]}}