{"id":5268,"date":"2020-11-01T10:50:28","date_gmt":"2020-11-01T09:50:28","guid":{"rendered":"https:\/\/www.hako.ch\/shop\/?post_type=product&#038;p=5268"},"modified":"2024-06-12T16:09:30","modified_gmt":"2024-06-12T14:09:30","slug":"kehrmaschine-sweepmaster-m600","status":"publish","type":"product","link":"https:\/\/www.hako.ch\/shop\/produkt\/kehrmaschine-sweepmaster-m600\/","title":{"rendered":"Kehrmaschine Sweepmaster M600"},"content":{"rendered":"<p><strong>Walk-behind Kehrmaschine Sweepmaster M600 f\u00fcr kleinere Innen- und Aussenfl\u00e4chen<\/strong><\/p>\n<p>Erste Wahl f\u00fcr kleinere Innen- und Aussenfl\u00e4chen: Die Kehrmaschine Sweepmaster M600 bietet eine sehr hohe Kehr- und Aufnahmeleistung mit bis zu 2.300 m\u00b2 Sauberkeit pro Stunde. Die Kehrmaschine ist hart im Nehmen: durch den stossfesten Stahlrahmen, das solide Aluminiumgeh\u00e4use und den unverw\u00fcstlichen Kunststoff-Schmutzbeh\u00e4lter. Der Sweepmaster M600 ist wendig und extrem bedienfreundlich. Damit ist er die ideale L\u00f6sung f\u00fcr Handwerk, Gewerbe, Industrie und anspruchsvolle Grundst\u00fccksbesitzer.<\/p>\n<p>1) Die Saubere Arbeitsweise der Kehrmaschine Sweepmaster M600<\/p>\n<ul>\n<li>Der Seitenbesen holt den Schmutz aus Ecken und Kanten in die Spur der breiten Kehrwalze.<\/li>\n<li>Einfach herausnehmbarer Schmutzbeh\u00e4lter<\/li>\n<li>Gezieltes Entleeren in den M\u00fclleimer durch Griffmulden und Sch\u00fctte<\/li>\n<\/ul>\n<p>2) Optimale Griffposition f\u00fcr jeden Bediener durch ergonomische Formgebung und einfach umsteckbaren F\u00fchrungsholm<\/p>\n<p>3) Die gro\u00dfen, \u00fcber das Heck hinausstehenden R\u00e4der \u00fcberwinden Rinnsteine und Treppenstufen m\u00fchelos. Passt durch jede T\u00fcr.<\/p>\n<p>Gerne beantworten wir Ihre Fragen zur Kehrmaschine Sweepmaster M600 <a href=\"tel:41419252626\">Telefonisch<\/a> oder per <a href=\"https:\/\/www.hako.ch\/shop\/kontakt\/\">E-Mail.<\/a><\/p>\n<p>&nbsp;<\/p>\n","protected":false},"excerpt":{"rendered":"<p>Walk-behind-Kehrmaschine f\u00fcr kleinere Innen- und Aussenfl\u00e4chen. Der Sweepmaster M600 ist wendig und extrem bedienfreundlich. Damit ist er die ideale L\u00f6sung f\u00fcr Handwerk, Gewerbe, Industrie und anspruchsvolle Grundst\u00fccksbesitzer.<\/p>\n","protected":false},"featured_media":6967,"comment_status":"closed","ping_status":"closed","template":"","meta":[],"product_brand":[],"product_cat":[248,232,786],"product_tag":[],"class_list":{"0":"post-5268","1":"product","2":"type-product","3":"status-publish","4":"has-post-thumbnail","6":"product_cat-kehr-und-kehrsaugmaschinen","7":"product_cat-maschinen","8":"product_cat-walk-behind","10":"first","11":"instock","12":"taxable","13":"shipping-taxable","14":"purchasable","15":"product-type-simple"},"yoast_head":"<!-- This site is optimized with the Yoast SEO plugin v27.6 - https:\/\/yoast.com\/product\/yoast-seo-wordpress\/ -->\n<title>Kehrmaschine Sweepmaster M600 - Hako Shop<\/title>\n<meta name=\"description\" content=\"Erste Wahl f\u00fcr kleinere Innen- und Aussenfl\u00e4chen: Die Kehrmaschine Sweepmaster M600 bietet eine sehr hohe Kehr- und Aufnahmeleistung mit bis zu 2.300 m\u00b2.\" \/>\n<meta name=\"robots\" content=\"index, follow, max-snippet:-1, max-image-preview:large, max-video-preview:-1\" \/>\n<link rel=\"canonical\" href=\"https:\/\/www.hako.ch\/shop\/produkt\/kehrmaschine-sweepmaster-m600\/\" \/>\n<meta property=\"og:locale\" content=\"de_DE\" \/>\n<meta property=\"og:type\" content=\"article\" \/>\n<meta property=\"og:title\" content=\"Kehrmaschine Sweepmaster M600 - Hako Shop\" \/>\n<meta property=\"og:description\" content=\"Erste Wahl f\u00fcr kleinere Innen- und Aussenfl\u00e4chen: Die Kehrmaschine Sweepmaster M600 bietet eine sehr hohe Kehr- und Aufnahmeleistung mit bis zu 2.300 m\u00b2.\" \/>\n<meta property=\"og:url\" content=\"https:\/\/www.hako.ch\/shop\/produkt\/kehrmaschine-sweepmaster-m600\/\" \/>\n<meta property=\"og:site_name\" content=\"Hako Shop\" \/>\n<meta property=\"article:modified_time\" content=\"2024-06-12T14:09:30+00:00\" \/>\n<meta property=\"og:image\" content=\"https:\/\/www.hako.ch\/shop\/wp-content\/uploads\/2021\/09\/sweepmaster.png\" \/>\n\t<meta property=\"og:image:width\" content=\"1000\" \/>\n\t<meta property=\"og:image:height\" content=\"1000\" \/>\n\t<meta property=\"og:image:type\" content=\"image\/png\" \/>\n<meta name=\"twitter:card\" content=\"summary_large_image\" \/>\n<meta name=\"twitter:label1\" content=\"Gesch\u00e4tzte Lesezeit\" \/>\n\t<meta name=\"twitter:data1\" content=\"2\u00a0Minuten\" \/>\n<script type=\"application\/ld+json\" class=\"yoast-schema-graph\">{\"@context\":\"https:\\\/\\\/schema.org\",\"@graph\":[{\"@type\":\"WebPage\",\"@id\":\"https:\\\/\\\/www.hako.ch\\\/shop\\\/produkt\\\/kehrmaschine-sweepmaster-m600\\\/\",\"url\":\"https:\\\/\\\/www.hako.ch\\\/shop\\\/produkt\\\/kehrmaschine-sweepmaster-m600\\\/\",\"name\":\"Kehrmaschine Sweepmaster M600 - Hako Shop\",\"isPartOf\":{\"@id\":\"https:\\\/\\\/www.hako.ch\\\/shop\\\/#website\"},\"primaryImageOfPage\":{\"@id\":\"https:\\\/\\\/www.hako.ch\\\/shop\\\/produkt\\\/kehrmaschine-sweepmaster-m600\\\/#primaryimage\"},\"image\":{\"@id\":\"https:\\\/\\\/www.hako.ch\\\/shop\\\/produkt\\\/kehrmaschine-sweepmaster-m600\\\/#primaryimage\"},\"thumbnailUrl\":\"https:\\\/\\\/www.hako.ch\\\/shop\\\/wp-content\\\/uploads\\\/2021\\\/09\\\/sweepmaster.png\",\"datePublished\":\"2020-11-01T09:50:28+00:00\",\"dateModified\":\"2024-06-12T14:09:30+00:00\",\"description\":\"Erste Wahl f\u00fcr kleinere Innen- und Aussenfl\u00e4chen: Die Kehrmaschine Sweepmaster M600 bietet eine sehr hohe Kehr- und Aufnahmeleistung mit bis zu 2.300 m\u00b2.\",\"breadcrumb\":{\"@id\":\"https:\\\/\\\/www.hako.ch\\\/shop\\\/produkt\\\/kehrmaschine-sweepmaster-m600\\\/#breadcrumb\"},\"inLanguage\":\"de\",\"potentialAction\":[{\"@type\":\"ReadAction\",\"target\":[\"https:\\\/\\\/www.hako.ch\\\/shop\\\/produkt\\\/kehrmaschine-sweepmaster-m600\\\/\"]}]},{\"@type\":\"ImageObject\",\"inLanguage\":\"de\",\"@id\":\"https:\\\/\\\/www.hako.ch\\\/shop\\\/produkt\\\/kehrmaschine-sweepmaster-m600\\\/#primaryimage\",\"url\":\"https:\\\/\\\/www.hako.ch\\\/shop\\\/wp-content\\\/uploads\\\/2021\\\/09\\\/sweepmaster.png\",\"contentUrl\":\"https:\\\/\\\/www.hako.ch\\\/shop\\\/wp-content\\\/uploads\\\/2021\\\/09\\\/sweepmaster.png\",\"width\":1000,\"height\":1000,\"caption\":\"Kehrmaschine Sweepmaster M600\"},{\"@type\":\"BreadcrumbList\",\"@id\":\"https:\\\/\\\/www.hako.ch\\\/shop\\\/produkt\\\/kehrmaschine-sweepmaster-m600\\\/#breadcrumb\",\"itemListElement\":[{\"@type\":\"ListItem\",\"position\":1,\"name\":\"Startseite\",\"item\":\"https:\\\/\\\/www.hako.ch\\\/shop\\\/\"},{\"@type\":\"ListItem\",\"position\":2,\"name\":\"Shop\",\"item\":\"https:\\\/\\\/www.hako.ch\\\/shop\\\/shop-2\\\/\"},{\"@type\":\"ListItem\",\"position\":3,\"name\":\"Kehrmaschine Sweepmaster M600\"}]},{\"@type\":\"WebSite\",\"@id\":\"https:\\\/\\\/www.hako.ch\\\/shop\\\/#website\",\"url\":\"https:\\\/\\\/www.hako.ch\\\/shop\\\/\",\"name\":\"Hako Shop\",\"description\":\"Clean ahead\",\"publisher\":{\"@id\":\"https:\\\/\\\/www.hako.ch\\\/shop\\\/#organization\"},\"potentialAction\":[{\"@type\":\"SearchAction\",\"target\":{\"@type\":\"EntryPoint\",\"urlTemplate\":\"https:\\\/\\\/www.hako.ch\\\/shop\\\/?s={search_term_string}\"},\"query-input\":{\"@type\":\"PropertyValueSpecification\",\"valueRequired\":true,\"valueName\":\"search_term_string\"}}],\"inLanguage\":\"de\"},{\"@type\":\"Organization\",\"@id\":\"https:\\\/\\\/www.hako.ch\\\/shop\\\/#organization\",\"name\":\"Hako Schweiz AG\",\"url\":\"https:\\\/\\\/www.hako.ch\\\/shop\\\/\",\"logo\":{\"@type\":\"ImageObject\",\"inLanguage\":\"de\",\"@id\":\"https:\\\/\\\/www.hako.ch\\\/shop\\\/#\\\/schema\\\/logo\\\/image\\\/\",\"url\":\"https:\\\/\\\/www.hako.ch\\\/shop\\\/wp-content\\\/uploads\\\/2020\\\/03\\\/hako-logo.png\",\"contentUrl\":\"https:\\\/\\\/www.hako.ch\\\/shop\\\/wp-content\\\/uploads\\\/2020\\\/03\\\/hako-logo.png\",\"width\":112,\"height\":46,\"caption\":\"Hako Schweiz AG\"},\"image\":{\"@id\":\"https:\\\/\\\/www.hako.ch\\\/shop\\\/#\\\/schema\\\/logo\\\/image\\\/\"}}]}<\/script>\n<!-- \/ Yoast SEO plugin. -->","yoast_head_json":{"title":"Kehrmaschine Sweepmaster M600 - Hako Shop","description":"Erste Wahl f\u00fcr kleinere Innen- und Aussenfl\u00e4chen: Die Kehrmaschine Sweepmaster M600 bietet eine sehr hohe Kehr- und Aufnahmeleistung mit bis zu 2.300 m\u00b2.","robots":{"index":"index","follow":"follow","max-snippet":"max-snippet:-1","max-image-preview":"max-image-preview:large","max-video-preview":"max-video-preview:-1"},"canonical":"https:\/\/www.hako.ch\/shop\/produkt\/kehrmaschine-sweepmaster-m600\/","og_locale":"de_DE","og_type":"article","og_title":"Kehrmaschine Sweepmaster M600 - Hako Shop","og_description":"Erste Wahl f\u00fcr kleinere Innen- und Aussenfl\u00e4chen: Die Kehrmaschine Sweepmaster M600 bietet eine sehr hohe Kehr- und Aufnahmeleistung mit bis zu 2.300 m\u00b2.","og_url":"https:\/\/www.hako.ch\/shop\/produkt\/kehrmaschine-sweepmaster-m600\/","og_site_name":"Hako Shop","article_modified_time":"2024-06-12T14:09:30+00:00","og_image":[{"width":1000,"height":1000,"url":"https:\/\/www.hako.ch\/shop\/wp-content\/uploads\/2021\/09\/sweepmaster.png","type":"image\/png"}],"twitter_card":"summary_large_image","twitter_misc":{"Gesch\u00e4tzte Lesezeit":"2\u00a0Minuten"},"schema":{"@context":"https:\/\/schema.org","@graph":[{"@type":"WebPage","@id":"https:\/\/www.hako.ch\/shop\/produkt\/kehrmaschine-sweepmaster-m600\/","url":"https:\/\/www.hako.ch\/shop\/produkt\/kehrmaschine-sweepmaster-m600\/","name":"Kehrmaschine Sweepmaster M600 - Hako Shop","isPartOf":{"@id":"https:\/\/www.hako.ch\/shop\/#website"},"primaryImageOfPage":{"@id":"https:\/\/www.hako.ch\/shop\/produkt\/kehrmaschine-sweepmaster-m600\/#primaryimage"},"image":{"@id":"https:\/\/www.hako.ch\/shop\/produkt\/kehrmaschine-sweepmaster-m600\/#primaryimage"},"thumbnailUrl":"https:\/\/www.hako.ch\/shop\/wp-content\/uploads\/2021\/09\/sweepmaster.png","datePublished":"2020-11-01T09:50:28+00:00","dateModified":"2024-06-12T14:09:30+00:00","description":"Erste Wahl f\u00fcr kleinere Innen- und Aussenfl\u00e4chen: Die Kehrmaschine Sweepmaster M600 bietet eine sehr hohe Kehr- und Aufnahmeleistung mit bis zu 2.300 m\u00b2.","breadcrumb":{"@id":"https:\/\/www.hako.ch\/shop\/produkt\/kehrmaschine-sweepmaster-m600\/#breadcrumb"},"inLanguage":"de","potentialAction":[{"@type":"ReadAction","target":["https:\/\/www.hako.ch\/shop\/produkt\/kehrmaschine-sweepmaster-m600\/"]}]},{"@type":"ImageObject","inLanguage":"de","@id":"https:\/\/www.hako.ch\/shop\/produkt\/kehrmaschine-sweepmaster-m600\/#primaryimage","url":"https:\/\/www.hako.ch\/shop\/wp-content\/uploads\/2021\/09\/sweepmaster.png","contentUrl":"https:\/\/www.hako.ch\/shop\/wp-content\/uploads\/2021\/09\/sweepmaster.png","width":1000,"height":1000,"caption":"Kehrmaschine Sweepmaster M600"},{"@type":"BreadcrumbList","@id":"https:\/\/www.hako.ch\/shop\/produkt\/kehrmaschine-sweepmaster-m600\/#breadcrumb","itemListElement":[{"@type":"ListItem","position":1,"name":"Startseite","item":"https:\/\/www.hako.ch\/shop\/"},{"@type":"ListItem","position":2,"name":"Shop","item":"https:\/\/www.hako.ch\/shop\/shop-2\/"},{"@type":"ListItem","position":3,"name":"Kehrmaschine Sweepmaster M600"}]},{"@type":"WebSite","@id":"https:\/\/www.hako.ch\/shop\/#website","url":"https:\/\/www.hako.ch\/shop\/","name":"Hako Shop","description":"Clean ahead","publisher":{"@id":"https:\/\/www.hako.ch\/shop\/#organization"},"potentialAction":[{"@type":"SearchAction","target":{"@type":"EntryPoint","urlTemplate":"https:\/\/www.hako.ch\/shop\/?s={search_term_string}"},"query-input":{"@type":"PropertyValueSpecification","valueRequired":true,"valueName":"search_term_string"}}],"inLanguage":"de"},{"@type":"Organization","@id":"https:\/\/www.hako.ch\/shop\/#organization","name":"Hako Schweiz AG","url":"https:\/\/www.hako.ch\/shop\/","logo":{"@type":"ImageObject","inLanguage":"de","@id":"https:\/\/www.hako.ch\/shop\/#\/schema\/logo\/image\/","url":"https:\/\/www.hako.ch\/shop\/wp-content\/uploads\/2020\/03\/hako-logo.png","contentUrl":"https:\/\/www.hako.ch\/shop\/wp-content\/uploads\/2020\/03\/hako-logo.png","width":112,"height":46,"caption":"Hako Schweiz AG"},"image":{"@id":"https:\/\/www.hako.ch\/shop\/#\/schema\/logo\/image\/"}}]}},"_links":{"self":[{"href":"https:\/\/www.hako.ch\/shop\/wp-json\/wp\/v2\/product\/5268","targetHints":{"allow":["GET"]}}],"collection":[{"href":"https:\/\/www.hako.ch\/shop\/wp-json\/wp\/v2\/product"}],"about":[{"href":"https:\/\/www.hako.ch\/shop\/wp-json\/wp\/v2\/types\/product"}],"replies":[{"embeddable":true,"href":"https:\/\/www.hako.ch\/shop\/wp-json\/wp\/v2\/comments?post=5268"}],"wp:featuredmedia":[{"embeddable":true,"href":"https:\/\/www.hako.ch\/shop\/wp-json\/wp\/v2\/media\/6967"}],"wp:attachment":[{"href":"https:\/\/www.hako.ch\/shop\/wp-json\/wp\/v2\/media?parent=5268"}],"wp:term":[{"taxonomy":"product_brand","embeddable":true,"href":"https:\/\/www.hako.ch\/shop\/wp-json\/wp\/v2\/product_brand?post=5268"},{"taxonomy":"product_cat","embeddable":true,"href":"https:\/\/www.hako.ch\/shop\/wp-json\/wp\/v2\/product_cat?post=5268"},{"taxonomy":"product_tag","embeddable":true,"href":"https:\/\/www.hako.ch\/shop\/wp-json\/wp\/v2\/product_tag?post=5268"}],"curies":[{"name":"wp","href":"https:\/\/api.w.org\/{rel}","templated":true}]}}