{"id":5269,"date":"2020-10-26T10:55:32","date_gmt":"2020-10-26T09:55:32","guid":{"rendered":"https:\/\/www.hako.ch\/shop\/?post_type=product&#038;p=5269"},"modified":"2024-06-12T16:12:38","modified_gmt":"2024-06-12T14:12:38","slug":"kehrmaschine-scrubmaster-b3","status":"publish","type":"product","link":"https:\/\/www.hako.ch\/shop\/produkt\/kehrmaschine-scrubmaster-b3\/","title":{"rendered":"Scheuersaugmaschine Scrubmaster B3"},"content":{"rendered":"<h1>Flexible Walk-behind-Scheuersaugmaschine<\/h1>\n<div class=\"col-lg-10 col-sm-20 \" data-prio-xs=\"0\" data-prio-sm=\"0\" data-prio-md=\"0\" data-index=\"0\">\n<div id=\"c6076\">\n<div class=\"container-textblock bgc-0\">\n<div class=\"textblock\">\n<p>Grosse Leistung auf kleinem Raum: Die Walk-behind-Scheuersaugmaschine Scrubmaster B3 ist ideal geeignet f\u00fcr den effizienten Einsatz auf kleinen und schwer zug\u00e4nglichen Fl\u00e4chen \u2013 zum Beispiel in Restaurants, Kantinen oder kleineren Shops. F\u00fcr l\u00e4ngere Eins\u00e4tze mit schonendem Ressourceneinsatz bietet der Scrubmaster B3 eine spezielle Eco-Funktion: Mit einem Tankvolumen von 3 Litern erbringt er eine Fl\u00e4chenleistung von 100 m<sup>2<\/sup>. Und dank geringem Gewicht und umklappbaren Holm l\u00e4sst er sich platzsparend lagern und zum Beispiel im Kofferraum eines Pkw transportieren.<\/p>\n<\/div>\n<\/div>\n<\/div>\n<\/div>\n<p>&nbsp;<\/p>\n","protected":false},"excerpt":{"rendered":"<p>Flexible Walk-behind-Scheuersaugmaschine<\/p>\n","protected":false},"featured_media":5270,"comment_status":"closed","ping_status":"closed","template":"","meta":[],"product_brand":[],"product_cat":[232,249,788],"product_tag":[],"class_list":{"0":"post-5269","1":"product","2":"type-product","3":"status-publish","4":"has-post-thumbnail","6":"product_cat-maschinen","7":"product_cat-scheuersaugmaschinen","8":"product_cat-walk-behind-scheuersaugmaschinen","10":"first","11":"instock","12":"taxable","13":"shipping-taxable","14":"purchasable","15":"product-type-simple"},"yoast_head":"<!-- This site is optimized with the Yoast SEO plugin v27.5 - https:\/\/yoast.com\/product\/yoast-seo-wordpress\/ -->\n<title>Scheuersaugmaschine Scrubmaster B3- Hako Shop<\/title>\n<meta name=\"description\" content=\"Die Scheuersaugmaschine Scrubmaster B3 ist ideal geeignet f\u00fcr den Einsatz auf kleinen und schwer zug\u00e4nglichen Fl\u00e4chen. Jetzt in unserem Shop erh\u00e4ltlich.\" \/>\n<meta name=\"robots\" content=\"index, follow, max-snippet:-1, max-image-preview:large, max-video-preview:-1\" \/>\n<link rel=\"canonical\" href=\"https:\/\/www.hako.ch\/shop\/produkt\/kehrmaschine-scrubmaster-b3\/\" \/>\n<meta property=\"og:locale\" content=\"de_DE\" \/>\n<meta property=\"og:type\" content=\"article\" \/>\n<meta property=\"og:title\" content=\"Scheuersaugmaschine Scrubmaster B3- Hako Shop\" \/>\n<meta property=\"og:description\" content=\"Die Scheuersaugmaschine Scrubmaster B3 ist ideal geeignet f\u00fcr den Einsatz auf kleinen und schwer zug\u00e4nglichen Fl\u00e4chen. Jetzt in unserem Shop erh\u00e4ltlich.\" \/>\n<meta property=\"og:url\" content=\"https:\/\/www.hako.ch\/shop\/produkt\/kehrmaschine-scrubmaster-b3\/\" \/>\n<meta property=\"og:site_name\" content=\"Hako Shop\" \/>\n<meta property=\"article:modified_time\" content=\"2024-06-12T14:12:38+00:00\" \/>\n<meta property=\"og:image\" content=\"https:\/\/www.hako.ch\/shop\/wp-content\/uploads\/2020\/03\/scrubmaster-b3-re_header.png\" \/>\n\t<meta property=\"og:image:width\" content=\"1000\" \/>\n\t<meta property=\"og:image:height\" content=\"1000\" \/>\n\t<meta property=\"og:image:type\" content=\"image\/png\" \/>\n<meta name=\"twitter:card\" content=\"summary_large_image\" \/>\n<meta name=\"twitter:label1\" content=\"Gesch\u00e4tzte Lesezeit\" \/>\n\t<meta name=\"twitter:data1\" content=\"1\u00a0Minute\" \/>\n<script type=\"application\/ld+json\" class=\"yoast-schema-graph\">{\"@context\":\"https:\\\/\\\/schema.org\",\"@graph\":[{\"@type\":\"WebPage\",\"@id\":\"https:\\\/\\\/www.hako.ch\\\/shop\\\/produkt\\\/kehrmaschine-scrubmaster-b3\\\/\",\"url\":\"https:\\\/\\\/www.hako.ch\\\/shop\\\/produkt\\\/kehrmaschine-scrubmaster-b3\\\/\",\"name\":\"Scheuersaugmaschine Scrubmaster B3- Hako Shop\",\"isPartOf\":{\"@id\":\"https:\\\/\\\/www.hako.ch\\\/shop\\\/#website\"},\"primaryImageOfPage\":{\"@id\":\"https:\\\/\\\/www.hako.ch\\\/shop\\\/produkt\\\/kehrmaschine-scrubmaster-b3\\\/#primaryimage\"},\"image\":{\"@id\":\"https:\\\/\\\/www.hako.ch\\\/shop\\\/produkt\\\/kehrmaschine-scrubmaster-b3\\\/#primaryimage\"},\"thumbnailUrl\":\"https:\\\/\\\/www.hako.ch\\\/shop\\\/wp-content\\\/uploads\\\/2020\\\/03\\\/scrubmaster-b3-re_header.png\",\"datePublished\":\"2020-10-26T09:55:32+00:00\",\"dateModified\":\"2024-06-12T14:12:38+00:00\",\"description\":\"Die Scheuersaugmaschine Scrubmaster B3 ist ideal geeignet f\u00fcr den Einsatz auf kleinen und schwer zug\u00e4nglichen Fl\u00e4chen. Jetzt in unserem Shop erh\u00e4ltlich.\",\"breadcrumb\":{\"@id\":\"https:\\\/\\\/www.hako.ch\\\/shop\\\/produkt\\\/kehrmaschine-scrubmaster-b3\\\/#breadcrumb\"},\"inLanguage\":\"de\",\"potentialAction\":[{\"@type\":\"ReadAction\",\"target\":[\"https:\\\/\\\/www.hako.ch\\\/shop\\\/produkt\\\/kehrmaschine-scrubmaster-b3\\\/\"]}]},{\"@type\":\"ImageObject\",\"inLanguage\":\"de\",\"@id\":\"https:\\\/\\\/www.hako.ch\\\/shop\\\/produkt\\\/kehrmaschine-scrubmaster-b3\\\/#primaryimage\",\"url\":\"https:\\\/\\\/www.hako.ch\\\/shop\\\/wp-content\\\/uploads\\\/2020\\\/03\\\/scrubmaster-b3-re_header.png\",\"contentUrl\":\"https:\\\/\\\/www.hako.ch\\\/shop\\\/wp-content\\\/uploads\\\/2020\\\/03\\\/scrubmaster-b3-re_header.png\",\"width\":1000,\"height\":1000},{\"@type\":\"BreadcrumbList\",\"@id\":\"https:\\\/\\\/www.hako.ch\\\/shop\\\/produkt\\\/kehrmaschine-scrubmaster-b3\\\/#breadcrumb\",\"itemListElement\":[{\"@type\":\"ListItem\",\"position\":1,\"name\":\"Startseite\",\"item\":\"https:\\\/\\\/www.hako.ch\\\/shop\\\/\"},{\"@type\":\"ListItem\",\"position\":2,\"name\":\"Shop\",\"item\":\"https:\\\/\\\/www.hako.ch\\\/shop\\\/shop-2\\\/\"},{\"@type\":\"ListItem\",\"position\":3,\"name\":\"Scheuersaugmaschine Scrubmaster B3\"}]},{\"@type\":\"WebSite\",\"@id\":\"https:\\\/\\\/www.hako.ch\\\/shop\\\/#website\",\"url\":\"https:\\\/\\\/www.hako.ch\\\/shop\\\/\",\"name\":\"Hako Shop\",\"description\":\"Clean ahead\",\"publisher\":{\"@id\":\"https:\\\/\\\/www.hako.ch\\\/shop\\\/#organization\"},\"potentialAction\":[{\"@type\":\"SearchAction\",\"target\":{\"@type\":\"EntryPoint\",\"urlTemplate\":\"https:\\\/\\\/www.hako.ch\\\/shop\\\/?s={search_term_string}\"},\"query-input\":{\"@type\":\"PropertyValueSpecification\",\"valueRequired\":true,\"valueName\":\"search_term_string\"}}],\"inLanguage\":\"de\"},{\"@type\":\"Organization\",\"@id\":\"https:\\\/\\\/www.hako.ch\\\/shop\\\/#organization\",\"name\":\"Hako Schweiz AG\",\"url\":\"https:\\\/\\\/www.hako.ch\\\/shop\\\/\",\"logo\":{\"@type\":\"ImageObject\",\"inLanguage\":\"de\",\"@id\":\"https:\\\/\\\/www.hako.ch\\\/shop\\\/#\\\/schema\\\/logo\\\/image\\\/\",\"url\":\"https:\\\/\\\/www.hako.ch\\\/shop\\\/wp-content\\\/uploads\\\/2020\\\/03\\\/hako-logo.png\",\"contentUrl\":\"https:\\\/\\\/www.hako.ch\\\/shop\\\/wp-content\\\/uploads\\\/2020\\\/03\\\/hako-logo.png\",\"width\":112,\"height\":46,\"caption\":\"Hako Schweiz AG\"},\"image\":{\"@id\":\"https:\\\/\\\/www.hako.ch\\\/shop\\\/#\\\/schema\\\/logo\\\/image\\\/\"}}]}<\/script>\n<!-- \/ Yoast SEO plugin. -->","yoast_head_json":{"title":"Scheuersaugmaschine Scrubmaster B3- Hako Shop","description":"Die Scheuersaugmaschine Scrubmaster B3 ist ideal geeignet f\u00fcr den Einsatz auf kleinen und schwer zug\u00e4nglichen Fl\u00e4chen. Jetzt in unserem Shop erh\u00e4ltlich.","robots":{"index":"index","follow":"follow","max-snippet":"max-snippet:-1","max-image-preview":"max-image-preview:large","max-video-preview":"max-video-preview:-1"},"canonical":"https:\/\/www.hako.ch\/shop\/produkt\/kehrmaschine-scrubmaster-b3\/","og_locale":"de_DE","og_type":"article","og_title":"Scheuersaugmaschine Scrubmaster B3- Hako Shop","og_description":"Die Scheuersaugmaschine Scrubmaster B3 ist ideal geeignet f\u00fcr den Einsatz auf kleinen und schwer zug\u00e4nglichen Fl\u00e4chen. Jetzt in unserem Shop erh\u00e4ltlich.","og_url":"https:\/\/www.hako.ch\/shop\/produkt\/kehrmaschine-scrubmaster-b3\/","og_site_name":"Hako Shop","article_modified_time":"2024-06-12T14:12:38+00:00","og_image":[{"width":1000,"height":1000,"url":"https:\/\/www.hako.ch\/shop\/wp-content\/uploads\/2020\/03\/scrubmaster-b3-re_header.png","type":"image\/png"}],"twitter_card":"summary_large_image","twitter_misc":{"Gesch\u00e4tzte Lesezeit":"1\u00a0Minute"},"schema":{"@context":"https:\/\/schema.org","@graph":[{"@type":"WebPage","@id":"https:\/\/www.hako.ch\/shop\/produkt\/kehrmaschine-scrubmaster-b3\/","url":"https:\/\/www.hako.ch\/shop\/produkt\/kehrmaschine-scrubmaster-b3\/","name":"Scheuersaugmaschine Scrubmaster B3- Hako Shop","isPartOf":{"@id":"https:\/\/www.hako.ch\/shop\/#website"},"primaryImageOfPage":{"@id":"https:\/\/www.hako.ch\/shop\/produkt\/kehrmaschine-scrubmaster-b3\/#primaryimage"},"image":{"@id":"https:\/\/www.hako.ch\/shop\/produkt\/kehrmaschine-scrubmaster-b3\/#primaryimage"},"thumbnailUrl":"https:\/\/www.hako.ch\/shop\/wp-content\/uploads\/2020\/03\/scrubmaster-b3-re_header.png","datePublished":"2020-10-26T09:55:32+00:00","dateModified":"2024-06-12T14:12:38+00:00","description":"Die Scheuersaugmaschine Scrubmaster B3 ist ideal geeignet f\u00fcr den Einsatz auf kleinen und schwer zug\u00e4nglichen Fl\u00e4chen. Jetzt in unserem Shop erh\u00e4ltlich.","breadcrumb":{"@id":"https:\/\/www.hako.ch\/shop\/produkt\/kehrmaschine-scrubmaster-b3\/#breadcrumb"},"inLanguage":"de","potentialAction":[{"@type":"ReadAction","target":["https:\/\/www.hako.ch\/shop\/produkt\/kehrmaschine-scrubmaster-b3\/"]}]},{"@type":"ImageObject","inLanguage":"de","@id":"https:\/\/www.hako.ch\/shop\/produkt\/kehrmaschine-scrubmaster-b3\/#primaryimage","url":"https:\/\/www.hako.ch\/shop\/wp-content\/uploads\/2020\/03\/scrubmaster-b3-re_header.png","contentUrl":"https:\/\/www.hako.ch\/shop\/wp-content\/uploads\/2020\/03\/scrubmaster-b3-re_header.png","width":1000,"height":1000},{"@type":"BreadcrumbList","@id":"https:\/\/www.hako.ch\/shop\/produkt\/kehrmaschine-scrubmaster-b3\/#breadcrumb","itemListElement":[{"@type":"ListItem","position":1,"name":"Startseite","item":"https:\/\/www.hako.ch\/shop\/"},{"@type":"ListItem","position":2,"name":"Shop","item":"https:\/\/www.hako.ch\/shop\/shop-2\/"},{"@type":"ListItem","position":3,"name":"Scheuersaugmaschine Scrubmaster B3"}]},{"@type":"WebSite","@id":"https:\/\/www.hako.ch\/shop\/#website","url":"https:\/\/www.hako.ch\/shop\/","name":"Hako Shop","description":"Clean ahead","publisher":{"@id":"https:\/\/www.hako.ch\/shop\/#organization"},"potentialAction":[{"@type":"SearchAction","target":{"@type":"EntryPoint","urlTemplate":"https:\/\/www.hako.ch\/shop\/?s={search_term_string}"},"query-input":{"@type":"PropertyValueSpecification","valueRequired":true,"valueName":"search_term_string"}}],"inLanguage":"de"},{"@type":"Organization","@id":"https:\/\/www.hako.ch\/shop\/#organization","name":"Hako Schweiz AG","url":"https:\/\/www.hako.ch\/shop\/","logo":{"@type":"ImageObject","inLanguage":"de","@id":"https:\/\/www.hako.ch\/shop\/#\/schema\/logo\/image\/","url":"https:\/\/www.hako.ch\/shop\/wp-content\/uploads\/2020\/03\/hako-logo.png","contentUrl":"https:\/\/www.hako.ch\/shop\/wp-content\/uploads\/2020\/03\/hako-logo.png","width":112,"height":46,"caption":"Hako Schweiz AG"},"image":{"@id":"https:\/\/www.hako.ch\/shop\/#\/schema\/logo\/image\/"}}]}},"_links":{"self":[{"href":"https:\/\/www.hako.ch\/shop\/wp-json\/wp\/v2\/product\/5269","targetHints":{"allow":["GET"]}}],"collection":[{"href":"https:\/\/www.hako.ch\/shop\/wp-json\/wp\/v2\/product"}],"about":[{"href":"https:\/\/www.hako.ch\/shop\/wp-json\/wp\/v2\/types\/product"}],"replies":[{"embeddable":true,"href":"https:\/\/www.hako.ch\/shop\/wp-json\/wp\/v2\/comments?post=5269"}],"wp:featuredmedia":[{"embeddable":true,"href":"https:\/\/www.hako.ch\/shop\/wp-json\/wp\/v2\/media\/5270"}],"wp:attachment":[{"href":"https:\/\/www.hako.ch\/shop\/wp-json\/wp\/v2\/media?parent=5269"}],"wp:term":[{"taxonomy":"product_brand","embeddable":true,"href":"https:\/\/www.hako.ch\/shop\/wp-json\/wp\/v2\/product_brand?post=5269"},{"taxonomy":"product_cat","embeddable":true,"href":"https:\/\/www.hako.ch\/shop\/wp-json\/wp\/v2\/product_cat?post=5269"},{"taxonomy":"product_tag","embeddable":true,"href":"https:\/\/www.hako.ch\/shop\/wp-json\/wp\/v2\/product_tag?post=5269"}],"curies":[{"name":"wp","href":"https:\/\/api.w.org\/{rel}","templated":true}]}}