{"id":5694,"date":"2020-08-25T14:17:12","date_gmt":"2020-08-25T12:17:12","guid":{"rendered":"https:\/\/www.hako.ch\/shop\/?post_type=product&#038;p=5694"},"modified":"2024-06-11T21:07:32","modified_gmt":"2024-06-11T19:07:32","slug":"scheuersaugmaschine-scrubmaster-e8","status":"publish","type":"product","link":"https:\/\/www.hako.ch\/shop\/produkt\/scheuersaugmaschine-scrubmaster-e8\/","title":{"rendered":"Scheuersaugmaschine Scrubmaster E8"},"content":{"rendered":"<h1>Walk-behind-Scheuersaugmaschine f\u00fcr die Reinigung in beengten Bereichen<\/h1>\n<p>Die Walk-behind-Scheuersaugmaschine Scrubmaster E8 steht f\u00fcr herausragende Ergebnisse in schm\u00e4leren Bereichen. Die Scheuersaugmaschine ist ideal geeignet f\u00fcr Restaurants, Kantinen, Sanit\u00e4ranlagen oder kleineren Shops.<\/p>\n<p>Der Scrubmaster E8 ist mit einem 15 Meter Kabel ausgestattet.<br \/>\nJe nach Einsatzanforderungen stehen verschiedene Walzenb\u00fcrsten und Pads zu Verf\u00fcgung. Dank dem individuell einstellbaren Walzendruck ist die Maschine leistungsstarkt und reinigt herrvorragend. Durch den schwenkbarem Bedienholm reinigt der Scrubmaster auch unter Tischen schnell und gr\u00fcndlich. Zudem ist die Maschine leicht zu bedienen, da sie mit einem intuitivem Display\u00a0 und ein-Knopf-Bedienung ausgestattet ist.<\/p>\n","protected":false},"excerpt":{"rendered":"<p>Walk-behind-Scheuersaugmaschine f\u00fcr die Reinigung in beengten Bereichen<\/p>\n<p>Die Walk-behind-Scheuersaugmaschine Scrubmaster E8 steht f\u00fcr herausragende Ergebnisse in schm\u00e4leren Bereichen. Die Scheuersaugmaschine ist ideal geeignet f\u00fcr Restaurants, Kantinen, Sanit\u00e4ranlagen oder kleineren Shops und ist mit einem 15 Meter Kabel ausgestattet.<\/p>\n<p><strong>Preis exkl. Transportkosten<\/strong><\/p>\n","protected":false},"featured_media":6970,"comment_status":"closed","ping_status":"closed","template":"","meta":[],"product_brand":[],"product_cat":[232,249,788],"product_tag":[],"class_list":{"0":"post-5694","1":"product","2":"type-product","3":"status-publish","4":"has-post-thumbnail","6":"product_cat-maschinen","7":"product_cat-scheuersaugmaschinen","8":"product_cat-walk-behind-scheuersaugmaschinen","10":"first","11":"instock","12":"taxable","13":"shipping-taxable","14":"product-type-simple"},"yoast_head":"<!-- This site is optimized with the Yoast SEO plugin v27.3 - https:\/\/yoast.com\/product\/yoast-seo-wordpress\/ -->\n<title>Scheuersaugmaschine Scrubmaster E8- Hako Shop<\/title>\n<meta name=\"description\" content=\"Die Walk-behind-Scheuersaugmaschine Scrubmaster E8 steht f\u00fcr herausragende Ergebnisse in schm\u00e4leren Bereichen.\" \/>\n<meta name=\"robots\" content=\"index, follow, max-snippet:-1, max-image-preview:large, max-video-preview:-1\" \/>\n<link rel=\"canonical\" href=\"https:\/\/www.hako.ch\/shop\/produkt\/scheuersaugmaschine-scrubmaster-e8\/\" \/>\n<meta property=\"og:locale\" content=\"de_DE\" \/>\n<meta property=\"og:type\" content=\"article\" \/>\n<meta property=\"og:title\" content=\"Scheuersaugmaschine Scrubmaster E8- Hako Shop\" \/>\n<meta property=\"og:description\" content=\"Die Walk-behind-Scheuersaugmaschine Scrubmaster E8 steht f\u00fcr herausragende Ergebnisse in schm\u00e4leren Bereichen.\" \/>\n<meta property=\"og:url\" content=\"https:\/\/www.hako.ch\/shop\/produkt\/scheuersaugmaschine-scrubmaster-e8\/\" \/>\n<meta property=\"og:site_name\" content=\"Hako Shop\" \/>\n<meta property=\"article:modified_time\" content=\"2024-06-11T19:07:32+00:00\" \/>\n<meta property=\"og:image\" content=\"https:\/\/www.hako.ch\/shop\/wp-content\/uploads\/2021\/09\/b8.png\" \/>\n\t<meta property=\"og:image:width\" content=\"1332\" \/>\n\t<meta property=\"og:image:height\" content=\"1332\" \/>\n\t<meta property=\"og:image:type\" content=\"image\/png\" \/>\n<meta name=\"twitter:card\" content=\"summary_large_image\" \/>\n<meta name=\"twitter:label1\" content=\"Gesch\u00e4tzte Lesezeit\" \/>\n\t<meta name=\"twitter:data1\" content=\"1\u00a0Minute\" \/>\n<script type=\"application\/ld+json\" class=\"yoast-schema-graph\">{\"@context\":\"https:\\\/\\\/schema.org\",\"@graph\":[{\"@type\":\"WebPage\",\"@id\":\"https:\\\/\\\/www.hako.ch\\\/shop\\\/produkt\\\/scheuersaugmaschine-scrubmaster-e8\\\/\",\"url\":\"https:\\\/\\\/www.hako.ch\\\/shop\\\/produkt\\\/scheuersaugmaschine-scrubmaster-e8\\\/\",\"name\":\"Scheuersaugmaschine Scrubmaster E8- Hako Shop\",\"isPartOf\":{\"@id\":\"https:\\\/\\\/www.hako.ch\\\/shop\\\/#website\"},\"primaryImageOfPage\":{\"@id\":\"https:\\\/\\\/www.hako.ch\\\/shop\\\/produkt\\\/scheuersaugmaschine-scrubmaster-e8\\\/#primaryimage\"},\"image\":{\"@id\":\"https:\\\/\\\/www.hako.ch\\\/shop\\\/produkt\\\/scheuersaugmaschine-scrubmaster-e8\\\/#primaryimage\"},\"thumbnailUrl\":\"https:\\\/\\\/www.hako.ch\\\/shop\\\/wp-content\\\/uploads\\\/2021\\\/09\\\/b8.png\",\"datePublished\":\"2020-08-25T12:17:12+00:00\",\"dateModified\":\"2024-06-11T19:07:32+00:00\",\"description\":\"Die Walk-behind-Scheuersaugmaschine Scrubmaster E8 steht f\u00fcr herausragende Ergebnisse in schm\u00e4leren Bereichen.\",\"breadcrumb\":{\"@id\":\"https:\\\/\\\/www.hako.ch\\\/shop\\\/produkt\\\/scheuersaugmaschine-scrubmaster-e8\\\/#breadcrumb\"},\"inLanguage\":\"de\",\"potentialAction\":[{\"@type\":\"ReadAction\",\"target\":[\"https:\\\/\\\/www.hako.ch\\\/shop\\\/produkt\\\/scheuersaugmaschine-scrubmaster-e8\\\/\"]}]},{\"@type\":\"ImageObject\",\"inLanguage\":\"de\",\"@id\":\"https:\\\/\\\/www.hako.ch\\\/shop\\\/produkt\\\/scheuersaugmaschine-scrubmaster-e8\\\/#primaryimage\",\"url\":\"https:\\\/\\\/www.hako.ch\\\/shop\\\/wp-content\\\/uploads\\\/2021\\\/09\\\/b8.png\",\"contentUrl\":\"https:\\\/\\\/www.hako.ch\\\/shop\\\/wp-content\\\/uploads\\\/2021\\\/09\\\/b8.png\",\"width\":1332,\"height\":1332,\"caption\":\"Scheuersaugmaschine Scrubmaster E8\"},{\"@type\":\"BreadcrumbList\",\"@id\":\"https:\\\/\\\/www.hako.ch\\\/shop\\\/produkt\\\/scheuersaugmaschine-scrubmaster-e8\\\/#breadcrumb\",\"itemListElement\":[{\"@type\":\"ListItem\",\"position\":1,\"name\":\"Startseite\",\"item\":\"https:\\\/\\\/www.hako.ch\\\/shop\\\/\"},{\"@type\":\"ListItem\",\"position\":2,\"name\":\"Shop\",\"item\":\"https:\\\/\\\/www.hako.ch\\\/shop\\\/shop-2\\\/\"},{\"@type\":\"ListItem\",\"position\":3,\"name\":\"Scheuersaugmaschine Scrubmaster E8\"}]},{\"@type\":\"WebSite\",\"@id\":\"https:\\\/\\\/www.hako.ch\\\/shop\\\/#website\",\"url\":\"https:\\\/\\\/www.hako.ch\\\/shop\\\/\",\"name\":\"Hako Shop\",\"description\":\"Clean ahead\",\"publisher\":{\"@id\":\"https:\\\/\\\/www.hako.ch\\\/shop\\\/#organization\"},\"potentialAction\":[{\"@type\":\"SearchAction\",\"target\":{\"@type\":\"EntryPoint\",\"urlTemplate\":\"https:\\\/\\\/www.hako.ch\\\/shop\\\/?s={search_term_string}\"},\"query-input\":{\"@type\":\"PropertyValueSpecification\",\"valueRequired\":true,\"valueName\":\"search_term_string\"}}],\"inLanguage\":\"de\"},{\"@type\":\"Organization\",\"@id\":\"https:\\\/\\\/www.hako.ch\\\/shop\\\/#organization\",\"name\":\"Hako Schweiz AG\",\"url\":\"https:\\\/\\\/www.hako.ch\\\/shop\\\/\",\"logo\":{\"@type\":\"ImageObject\",\"inLanguage\":\"de\",\"@id\":\"https:\\\/\\\/www.hako.ch\\\/shop\\\/#\\\/schema\\\/logo\\\/image\\\/\",\"url\":\"https:\\\/\\\/www.hako.ch\\\/shop\\\/wp-content\\\/uploads\\\/2020\\\/03\\\/hako-logo.png\",\"contentUrl\":\"https:\\\/\\\/www.hako.ch\\\/shop\\\/wp-content\\\/uploads\\\/2020\\\/03\\\/hako-logo.png\",\"width\":112,\"height\":46,\"caption\":\"Hako Schweiz AG\"},\"image\":{\"@id\":\"https:\\\/\\\/www.hako.ch\\\/shop\\\/#\\\/schema\\\/logo\\\/image\\\/\"}}]}<\/script>\n<!-- \/ Yoast SEO plugin. -->","yoast_head_json":{"title":"Scheuersaugmaschine Scrubmaster E8- Hako Shop","description":"Die Walk-behind-Scheuersaugmaschine Scrubmaster E8 steht f\u00fcr herausragende Ergebnisse in schm\u00e4leren Bereichen.","robots":{"index":"index","follow":"follow","max-snippet":"max-snippet:-1","max-image-preview":"max-image-preview:large","max-video-preview":"max-video-preview:-1"},"canonical":"https:\/\/www.hako.ch\/shop\/produkt\/scheuersaugmaschine-scrubmaster-e8\/","og_locale":"de_DE","og_type":"article","og_title":"Scheuersaugmaschine Scrubmaster E8- Hako Shop","og_description":"Die Walk-behind-Scheuersaugmaschine Scrubmaster E8 steht f\u00fcr herausragende Ergebnisse in schm\u00e4leren Bereichen.","og_url":"https:\/\/www.hako.ch\/shop\/produkt\/scheuersaugmaschine-scrubmaster-e8\/","og_site_name":"Hako Shop","article_modified_time":"2024-06-11T19:07:32+00:00","og_image":[{"width":1332,"height":1332,"url":"https:\/\/www.hako.ch\/shop\/wp-content\/uploads\/2021\/09\/b8.png","type":"image\/png"}],"twitter_card":"summary_large_image","twitter_misc":{"Gesch\u00e4tzte Lesezeit":"1\u00a0Minute"},"schema":{"@context":"https:\/\/schema.org","@graph":[{"@type":"WebPage","@id":"https:\/\/www.hako.ch\/shop\/produkt\/scheuersaugmaschine-scrubmaster-e8\/","url":"https:\/\/www.hako.ch\/shop\/produkt\/scheuersaugmaschine-scrubmaster-e8\/","name":"Scheuersaugmaschine Scrubmaster E8- Hako Shop","isPartOf":{"@id":"https:\/\/www.hako.ch\/shop\/#website"},"primaryImageOfPage":{"@id":"https:\/\/www.hako.ch\/shop\/produkt\/scheuersaugmaschine-scrubmaster-e8\/#primaryimage"},"image":{"@id":"https:\/\/www.hako.ch\/shop\/produkt\/scheuersaugmaschine-scrubmaster-e8\/#primaryimage"},"thumbnailUrl":"https:\/\/www.hako.ch\/shop\/wp-content\/uploads\/2021\/09\/b8.png","datePublished":"2020-08-25T12:17:12+00:00","dateModified":"2024-06-11T19:07:32+00:00","description":"Die Walk-behind-Scheuersaugmaschine Scrubmaster E8 steht f\u00fcr herausragende Ergebnisse in schm\u00e4leren Bereichen.","breadcrumb":{"@id":"https:\/\/www.hako.ch\/shop\/produkt\/scheuersaugmaschine-scrubmaster-e8\/#breadcrumb"},"inLanguage":"de","potentialAction":[{"@type":"ReadAction","target":["https:\/\/www.hako.ch\/shop\/produkt\/scheuersaugmaschine-scrubmaster-e8\/"]}]},{"@type":"ImageObject","inLanguage":"de","@id":"https:\/\/www.hako.ch\/shop\/produkt\/scheuersaugmaschine-scrubmaster-e8\/#primaryimage","url":"https:\/\/www.hako.ch\/shop\/wp-content\/uploads\/2021\/09\/b8.png","contentUrl":"https:\/\/www.hako.ch\/shop\/wp-content\/uploads\/2021\/09\/b8.png","width":1332,"height":1332,"caption":"Scheuersaugmaschine Scrubmaster E8"},{"@type":"BreadcrumbList","@id":"https:\/\/www.hako.ch\/shop\/produkt\/scheuersaugmaschine-scrubmaster-e8\/#breadcrumb","itemListElement":[{"@type":"ListItem","position":1,"name":"Startseite","item":"https:\/\/www.hako.ch\/shop\/"},{"@type":"ListItem","position":2,"name":"Shop","item":"https:\/\/www.hako.ch\/shop\/shop-2\/"},{"@type":"ListItem","position":3,"name":"Scheuersaugmaschine Scrubmaster E8"}]},{"@type":"WebSite","@id":"https:\/\/www.hako.ch\/shop\/#website","url":"https:\/\/www.hako.ch\/shop\/","name":"Hako Shop","description":"Clean ahead","publisher":{"@id":"https:\/\/www.hako.ch\/shop\/#organization"},"potentialAction":[{"@type":"SearchAction","target":{"@type":"EntryPoint","urlTemplate":"https:\/\/www.hako.ch\/shop\/?s={search_term_string}"},"query-input":{"@type":"PropertyValueSpecification","valueRequired":true,"valueName":"search_term_string"}}],"inLanguage":"de"},{"@type":"Organization","@id":"https:\/\/www.hako.ch\/shop\/#organization","name":"Hako Schweiz AG","url":"https:\/\/www.hako.ch\/shop\/","logo":{"@type":"ImageObject","inLanguage":"de","@id":"https:\/\/www.hako.ch\/shop\/#\/schema\/logo\/image\/","url":"https:\/\/www.hako.ch\/shop\/wp-content\/uploads\/2020\/03\/hako-logo.png","contentUrl":"https:\/\/www.hako.ch\/shop\/wp-content\/uploads\/2020\/03\/hako-logo.png","width":112,"height":46,"caption":"Hako Schweiz AG"},"image":{"@id":"https:\/\/www.hako.ch\/shop\/#\/schema\/logo\/image\/"}}]}},"_links":{"self":[{"href":"https:\/\/www.hako.ch\/shop\/wp-json\/wp\/v2\/product\/5694","targetHints":{"allow":["GET"]}}],"collection":[{"href":"https:\/\/www.hako.ch\/shop\/wp-json\/wp\/v2\/product"}],"about":[{"href":"https:\/\/www.hako.ch\/shop\/wp-json\/wp\/v2\/types\/product"}],"replies":[{"embeddable":true,"href":"https:\/\/www.hako.ch\/shop\/wp-json\/wp\/v2\/comments?post=5694"}],"wp:featuredmedia":[{"embeddable":true,"href":"https:\/\/www.hako.ch\/shop\/wp-json\/wp\/v2\/media\/6970"}],"wp:attachment":[{"href":"https:\/\/www.hako.ch\/shop\/wp-json\/wp\/v2\/media?parent=5694"}],"wp:term":[{"taxonomy":"product_brand","embeddable":true,"href":"https:\/\/www.hako.ch\/shop\/wp-json\/wp\/v2\/product_brand?post=5694"},{"taxonomy":"product_cat","embeddable":true,"href":"https:\/\/www.hako.ch\/shop\/wp-json\/wp\/v2\/product_cat?post=5694"},{"taxonomy":"product_tag","embeddable":true,"href":"https:\/\/www.hako.ch\/shop\/wp-json\/wp\/v2\/product_tag?post=5694"}],"curies":[{"name":"wp","href":"https:\/\/api.w.org\/{rel}","templated":true}]}}