{"id":6149,"date":"2021-01-27T12:54:11","date_gmt":"2021-01-27T11:54:11","guid":{"rendered":"https:\/\/www.hako.ch\/shop\/?post_type=product&#038;p=6149"},"modified":"2024-06-11T21:07:39","modified_gmt":"2024-06-11T19:07:39","slug":"buerste-ppl-o-200-mm-scrubmaster-b3","status":"publish","type":"product","link":"https:\/\/www.hako.ch\/shop\/produkt\/buerste-ppl-o-200-mm-scrubmaster-b3\/","title":{"rendered":"B\u00fcrste PPL (\u00d8 200 mm) &#8211; Scrubmaster B3"},"content":{"rendered":"<h1>B\u00fcrste PPL (\u00d8 200 mm) &#8211; Scrubmaster B3<\/h1>\n<p>2 Stk. n\u00f6tig (Preis pro St\u00fcck)<\/p>\n<p>Passende <a href=\"https:\/\/www.hako.ch\/reinigungstechnik\/scheuersaugmaschinen\/walk-behind-scheuersaugmaschinen\/scrubmaster-b3\" target=\"_blank\" rel=\"noopener\">Scheuersaugmaschine<\/a> f\u00fcr diese B\u00fcrste:<\/p>\n<blockquote class=\"wp-embedded-content\" data-secret=\"0iHm1lCDgc\"><p><a href=\"https:\/\/www.hako.ch\/shop\/produkt\/kehrmaschine-scrubmaster-b3\/\">Scheuersaugmaschine Scrubmaster B3<\/a><\/p><\/blockquote>\n<p><iframe loading=\"lazy\" class=\"wp-embedded-content\" sandbox=\"allow-scripts\" security=\"restricted\" style=\"position: absolute; clip: rect(1px, 1px, 1px, 1px);\" title=\"&#8222;Scheuersaugmaschine Scrubmaster B3&#8220; &#8212; Hako Shop\" src=\"https:\/\/www.hako.ch\/shop\/produkt\/kehrmaschine-scrubmaster-b3\/embed\/#?secret=ZMgSUkmNEi#?secret=0iHm1lCDgc\" data-secret=\"0iHm1lCDgc\" width=\"600\" height=\"338\" frameborder=\"0\" marginwidth=\"0\" marginheight=\"0\" scrolling=\"no\"><\/iframe><\/p>\n<p>Gerne beantworten wir Ihre Fragen <a href=\"tel:41419252626\">Telefonisch<\/a> oder per <a href=\"https:\/\/www.hako.ch\/shop\/kontakt\/\">E-Mail.<\/a><\/p>\n","protected":false},"excerpt":{"rendered":"<p>Standardb\u00fcrste blau, 2 Stk. n\u00f6tig (Preis pro St\u00fcck)<\/p>\n","protected":false},"featured_media":7019,"comment_status":"closed","ping_status":"closed","template":"","meta":[],"product_brand":[],"product_cat":[791],"product_tag":[],"class_list":{"0":"post-6149","1":"product","2":"type-product","3":"status-publish","4":"has-post-thumbnail","6":"product_cat-zubehoer","8":"first","9":"instock","10":"taxable","11":"shipping-taxable","12":"purchasable","13":"product-type-simple"},"yoast_head":"<!-- This site is optimized with the Yoast SEO plugin v27.3 - https:\/\/yoast.com\/product\/yoast-seo-wordpress\/ -->\n<title>B\u00fcrste PPL (\u00d8 200 mm) - Scrubmaster B3<\/title>\n<meta name=\"description\" content=\"Standardb\u00fcrste PPL (\u00d8 200 ) blau f\u00fcr die Scheuersaugmaschine B3\" \/>\n<meta name=\"robots\" content=\"index, follow, max-snippet:-1, max-image-preview:large, max-video-preview:-1\" \/>\n<link rel=\"canonical\" href=\"https:\/\/www.hako.ch\/shop\/produkt\/buerste-ppl-o-200-mm-scrubmaster-b3\/\" \/>\n<meta property=\"og:locale\" content=\"de_DE\" \/>\n<meta property=\"og:type\" content=\"article\" \/>\n<meta property=\"og:title\" content=\"B\u00fcrste PPL (\u00d8 200 mm) - Scrubmaster B3\" \/>\n<meta property=\"og:description\" content=\"Standardb\u00fcrste PPL (\u00d8 200 ) blau f\u00fcr die Scheuersaugmaschine B3\" \/>\n<meta property=\"og:url\" content=\"https:\/\/www.hako.ch\/shop\/produkt\/buerste-ppl-o-200-mm-scrubmaster-b3\/\" \/>\n<meta property=\"og:site_name\" content=\"Hako Shop\" \/>\n<meta property=\"article:modified_time\" content=\"2024-06-11T19:07:39+00:00\" \/>\n<meta property=\"og:image\" content=\"https:\/\/www.hako.ch\/shop\/wp-content\/uploads\/2021\/09\/b3-ppl-2.jpg\" \/>\n\t<meta property=\"og:image:width\" content=\"900\" \/>\n\t<meta property=\"og:image:height\" content=\"601\" \/>\n\t<meta property=\"og:image:type\" content=\"image\/jpeg\" \/>\n<meta name=\"twitter:card\" content=\"summary_large_image\" \/>\n<meta name=\"twitter:label1\" content=\"Gesch\u00e4tzte Lesezeit\" \/>\n\t<meta name=\"twitter:data1\" content=\"1\u00a0Minute\" \/>\n<script type=\"application\/ld+json\" class=\"yoast-schema-graph\">{\"@context\":\"https:\\\/\\\/schema.org\",\"@graph\":[{\"@type\":\"WebPage\",\"@id\":\"https:\\\/\\\/www.hako.ch\\\/shop\\\/produkt\\\/buerste-ppl-o-200-mm-scrubmaster-b3\\\/\",\"url\":\"https:\\\/\\\/www.hako.ch\\\/shop\\\/produkt\\\/buerste-ppl-o-200-mm-scrubmaster-b3\\\/\",\"name\":\"B\u00fcrste PPL (\u00d8 200 mm) - Scrubmaster B3\",\"isPartOf\":{\"@id\":\"https:\\\/\\\/www.hako.ch\\\/shop\\\/#website\"},\"primaryImageOfPage\":{\"@id\":\"https:\\\/\\\/www.hako.ch\\\/shop\\\/produkt\\\/buerste-ppl-o-200-mm-scrubmaster-b3\\\/#primaryimage\"},\"image\":{\"@id\":\"https:\\\/\\\/www.hako.ch\\\/shop\\\/produkt\\\/buerste-ppl-o-200-mm-scrubmaster-b3\\\/#primaryimage\"},\"thumbnailUrl\":\"https:\\\/\\\/www.hako.ch\\\/shop\\\/wp-content\\\/uploads\\\/2021\\\/09\\\/b3-ppl-2.jpg\",\"datePublished\":\"2021-01-27T11:54:11+00:00\",\"dateModified\":\"2024-06-11T19:07:39+00:00\",\"description\":\"Standardb\u00fcrste PPL (\u00d8 200 ) blau f\u00fcr die Scheuersaugmaschine B3\",\"breadcrumb\":{\"@id\":\"https:\\\/\\\/www.hako.ch\\\/shop\\\/produkt\\\/buerste-ppl-o-200-mm-scrubmaster-b3\\\/#breadcrumb\"},\"inLanguage\":\"de\",\"potentialAction\":[{\"@type\":\"ReadAction\",\"target\":[\"https:\\\/\\\/www.hako.ch\\\/shop\\\/produkt\\\/buerste-ppl-o-200-mm-scrubmaster-b3\\\/\"]}]},{\"@type\":\"ImageObject\",\"inLanguage\":\"de\",\"@id\":\"https:\\\/\\\/www.hako.ch\\\/shop\\\/produkt\\\/buerste-ppl-o-200-mm-scrubmaster-b3\\\/#primaryimage\",\"url\":\"https:\\\/\\\/www.hako.ch\\\/shop\\\/wp-content\\\/uploads\\\/2021\\\/09\\\/b3-ppl-2.jpg\",\"contentUrl\":\"https:\\\/\\\/www.hako.ch\\\/shop\\\/wp-content\\\/uploads\\\/2021\\\/09\\\/b3-ppl-2.jpg\",\"width\":900,\"height\":601,\"caption\":\"B\u00fcrste PPL (\u00d8 200 mm) - Scrubmaster B3\"},{\"@type\":\"BreadcrumbList\",\"@id\":\"https:\\\/\\\/www.hako.ch\\\/shop\\\/produkt\\\/buerste-ppl-o-200-mm-scrubmaster-b3\\\/#breadcrumb\",\"itemListElement\":[{\"@type\":\"ListItem\",\"position\":1,\"name\":\"Startseite\",\"item\":\"https:\\\/\\\/www.hako.ch\\\/shop\\\/\"},{\"@type\":\"ListItem\",\"position\":2,\"name\":\"Shop\",\"item\":\"https:\\\/\\\/www.hako.ch\\\/shop\\\/shop-2\\\/\"},{\"@type\":\"ListItem\",\"position\":3,\"name\":\"B\u00fcrste PPL (\u00d8 200 mm) &#8211; Scrubmaster B3\"}]},{\"@type\":\"WebSite\",\"@id\":\"https:\\\/\\\/www.hako.ch\\\/shop\\\/#website\",\"url\":\"https:\\\/\\\/www.hako.ch\\\/shop\\\/\",\"name\":\"Hako Shop\",\"description\":\"Clean ahead\",\"publisher\":{\"@id\":\"https:\\\/\\\/www.hako.ch\\\/shop\\\/#organization\"},\"potentialAction\":[{\"@type\":\"SearchAction\",\"target\":{\"@type\":\"EntryPoint\",\"urlTemplate\":\"https:\\\/\\\/www.hako.ch\\\/shop\\\/?s={search_term_string}\"},\"query-input\":{\"@type\":\"PropertyValueSpecification\",\"valueRequired\":true,\"valueName\":\"search_term_string\"}}],\"inLanguage\":\"de\"},{\"@type\":\"Organization\",\"@id\":\"https:\\\/\\\/www.hako.ch\\\/shop\\\/#organization\",\"name\":\"Hako Schweiz AG\",\"url\":\"https:\\\/\\\/www.hako.ch\\\/shop\\\/\",\"logo\":{\"@type\":\"ImageObject\",\"inLanguage\":\"de\",\"@id\":\"https:\\\/\\\/www.hako.ch\\\/shop\\\/#\\\/schema\\\/logo\\\/image\\\/\",\"url\":\"https:\\\/\\\/www.hako.ch\\\/shop\\\/wp-content\\\/uploads\\\/2020\\\/03\\\/hako-logo.png\",\"contentUrl\":\"https:\\\/\\\/www.hako.ch\\\/shop\\\/wp-content\\\/uploads\\\/2020\\\/03\\\/hako-logo.png\",\"width\":112,\"height\":46,\"caption\":\"Hako Schweiz AG\"},\"image\":{\"@id\":\"https:\\\/\\\/www.hako.ch\\\/shop\\\/#\\\/schema\\\/logo\\\/image\\\/\"}}]}<\/script>\n<!-- \/ Yoast SEO plugin. -->","yoast_head_json":{"title":"B\u00fcrste PPL (\u00d8 200 mm) - Scrubmaster B3","description":"Standardb\u00fcrste PPL (\u00d8 200 ) blau f\u00fcr die Scheuersaugmaschine B3","robots":{"index":"index","follow":"follow","max-snippet":"max-snippet:-1","max-image-preview":"max-image-preview:large","max-video-preview":"max-video-preview:-1"},"canonical":"https:\/\/www.hako.ch\/shop\/produkt\/buerste-ppl-o-200-mm-scrubmaster-b3\/","og_locale":"de_DE","og_type":"article","og_title":"B\u00fcrste PPL (\u00d8 200 mm) - Scrubmaster B3","og_description":"Standardb\u00fcrste PPL (\u00d8 200 ) blau f\u00fcr die Scheuersaugmaschine B3","og_url":"https:\/\/www.hako.ch\/shop\/produkt\/buerste-ppl-o-200-mm-scrubmaster-b3\/","og_site_name":"Hako Shop","article_modified_time":"2024-06-11T19:07:39+00:00","og_image":[{"width":900,"height":601,"url":"https:\/\/www.hako.ch\/shop\/wp-content\/uploads\/2021\/09\/b3-ppl-2.jpg","type":"image\/jpeg"}],"twitter_card":"summary_large_image","twitter_misc":{"Gesch\u00e4tzte Lesezeit":"1\u00a0Minute"},"schema":{"@context":"https:\/\/schema.org","@graph":[{"@type":"WebPage","@id":"https:\/\/www.hako.ch\/shop\/produkt\/buerste-ppl-o-200-mm-scrubmaster-b3\/","url":"https:\/\/www.hako.ch\/shop\/produkt\/buerste-ppl-o-200-mm-scrubmaster-b3\/","name":"B\u00fcrste PPL (\u00d8 200 mm) - Scrubmaster B3","isPartOf":{"@id":"https:\/\/www.hako.ch\/shop\/#website"},"primaryImageOfPage":{"@id":"https:\/\/www.hako.ch\/shop\/produkt\/buerste-ppl-o-200-mm-scrubmaster-b3\/#primaryimage"},"image":{"@id":"https:\/\/www.hako.ch\/shop\/produkt\/buerste-ppl-o-200-mm-scrubmaster-b3\/#primaryimage"},"thumbnailUrl":"https:\/\/www.hako.ch\/shop\/wp-content\/uploads\/2021\/09\/b3-ppl-2.jpg","datePublished":"2021-01-27T11:54:11+00:00","dateModified":"2024-06-11T19:07:39+00:00","description":"Standardb\u00fcrste PPL (\u00d8 200 ) blau f\u00fcr die Scheuersaugmaschine B3","breadcrumb":{"@id":"https:\/\/www.hako.ch\/shop\/produkt\/buerste-ppl-o-200-mm-scrubmaster-b3\/#breadcrumb"},"inLanguage":"de","potentialAction":[{"@type":"ReadAction","target":["https:\/\/www.hako.ch\/shop\/produkt\/buerste-ppl-o-200-mm-scrubmaster-b3\/"]}]},{"@type":"ImageObject","inLanguage":"de","@id":"https:\/\/www.hako.ch\/shop\/produkt\/buerste-ppl-o-200-mm-scrubmaster-b3\/#primaryimage","url":"https:\/\/www.hako.ch\/shop\/wp-content\/uploads\/2021\/09\/b3-ppl-2.jpg","contentUrl":"https:\/\/www.hako.ch\/shop\/wp-content\/uploads\/2021\/09\/b3-ppl-2.jpg","width":900,"height":601,"caption":"B\u00fcrste PPL (\u00d8 200 mm) - Scrubmaster B3"},{"@type":"BreadcrumbList","@id":"https:\/\/www.hako.ch\/shop\/produkt\/buerste-ppl-o-200-mm-scrubmaster-b3\/#breadcrumb","itemListElement":[{"@type":"ListItem","position":1,"name":"Startseite","item":"https:\/\/www.hako.ch\/shop\/"},{"@type":"ListItem","position":2,"name":"Shop","item":"https:\/\/www.hako.ch\/shop\/shop-2\/"},{"@type":"ListItem","position":3,"name":"B\u00fcrste PPL (\u00d8 200 mm) &#8211; Scrubmaster B3"}]},{"@type":"WebSite","@id":"https:\/\/www.hako.ch\/shop\/#website","url":"https:\/\/www.hako.ch\/shop\/","name":"Hako Shop","description":"Clean ahead","publisher":{"@id":"https:\/\/www.hako.ch\/shop\/#organization"},"potentialAction":[{"@type":"SearchAction","target":{"@type":"EntryPoint","urlTemplate":"https:\/\/www.hako.ch\/shop\/?s={search_term_string}"},"query-input":{"@type":"PropertyValueSpecification","valueRequired":true,"valueName":"search_term_string"}}],"inLanguage":"de"},{"@type":"Organization","@id":"https:\/\/www.hako.ch\/shop\/#organization","name":"Hako Schweiz AG","url":"https:\/\/www.hako.ch\/shop\/","logo":{"@type":"ImageObject","inLanguage":"de","@id":"https:\/\/www.hako.ch\/shop\/#\/schema\/logo\/image\/","url":"https:\/\/www.hako.ch\/shop\/wp-content\/uploads\/2020\/03\/hako-logo.png","contentUrl":"https:\/\/www.hako.ch\/shop\/wp-content\/uploads\/2020\/03\/hako-logo.png","width":112,"height":46,"caption":"Hako Schweiz AG"},"image":{"@id":"https:\/\/www.hako.ch\/shop\/#\/schema\/logo\/image\/"}}]}},"_links":{"self":[{"href":"https:\/\/www.hako.ch\/shop\/wp-json\/wp\/v2\/product\/6149","targetHints":{"allow":["GET"]}}],"collection":[{"href":"https:\/\/www.hako.ch\/shop\/wp-json\/wp\/v2\/product"}],"about":[{"href":"https:\/\/www.hako.ch\/shop\/wp-json\/wp\/v2\/types\/product"}],"replies":[{"embeddable":true,"href":"https:\/\/www.hako.ch\/shop\/wp-json\/wp\/v2\/comments?post=6149"}],"wp:featuredmedia":[{"embeddable":true,"href":"https:\/\/www.hako.ch\/shop\/wp-json\/wp\/v2\/media\/7019"}],"wp:attachment":[{"href":"https:\/\/www.hako.ch\/shop\/wp-json\/wp\/v2\/media?parent=6149"}],"wp:term":[{"taxonomy":"product_brand","embeddable":true,"href":"https:\/\/www.hako.ch\/shop\/wp-json\/wp\/v2\/product_brand?post=6149"},{"taxonomy":"product_cat","embeddable":true,"href":"https:\/\/www.hako.ch\/shop\/wp-json\/wp\/v2\/product_cat?post=6149"},{"taxonomy":"product_tag","embeddable":true,"href":"https:\/\/www.hako.ch\/shop\/wp-json\/wp\/v2\/product_tag?post=6149"}],"curies":[{"name":"wp","href":"https:\/\/api.w.org\/{rel}","templated":true}]}}