{"id":6405,"date":"2021-02-18T11:30:15","date_gmt":"2021-02-18T10:30:15","guid":{"rendered":"https:\/\/www.hako.ch\/shop\/?post_type=product&#038;p=6405"},"modified":"2024-06-11T21:07:42","modified_gmt":"2024-06-11T19:07:42","slug":"super-pads-22-o-560-mm-scrubmaster-b260-r-tb1080","status":"publish","type":"product","link":"https:\/\/www.hako.ch\/shop\/produkt\/super-pads-22-o-560-mm-scrubmaster-b260-r-tb1080\/","title":{"rendered":"Super Pads (22&#8243;, \u00d8 560 mm) &#8211; Scrubmaster B260 R TB1080"},"content":{"rendered":"<h2>Super Pads (22&#8243;, \u00d8 560 mm) &#8211; Scrubmaster B260 R TB1080<\/h2>\n<p>Passende Pads f\u00fcr die Scheuersaugmaschine <a href=\"https:\/\/www.hako.ch\/reinigungstechnik\/scheuersaugmaschinen\/ride-on-scheuermaschienen\/scrubmaster-b260-r\" target=\"_blank\" rel=\"noopener\">Scrubmaster B260 R TB1080<\/a><\/p>\n<table width=\"760\">\n<tbody>\n<tr>\n<td width=\"323\">Super-Pad rot (Karton \u00e0 5 St\u00fcck) (\u00d8 560 mm)<\/td>\n<td width=\"437\">Leichte Verschmutzung<\/td>\n<\/tr>\n<tr>\n<td>Super-Pad blau (Karton \u00e0 5 St\u00fcck) (\u00d8 560 mm)<\/td>\n<td>Leichte bis mittlere Verschmutzung und Unterhaltsreinigung<\/td>\n<\/tr>\n<tr>\n<td>Super-Pad gr\u00fcn (Karton \u00e0 5 St\u00fcck) (\u00d8 560 mm)<\/td>\n<td>Mittlere Verschmutzung und Unterhaltsreinigung<\/td>\n<\/tr>\n<tr>\n<td>Super-Pad braun (Karton \u00e0 5 St\u00fcck) (\u00d8 560 mm)<\/td>\n<td>Unterhaltsreinigung<\/td>\n<\/tr>\n<tr>\n<td>Super-Pad schwarz (Karton \u00e0 5 St\u00fcck) (\u00d8 560 mm)<\/td>\n<td>Grundreinigung und starke Verschmutzung<\/td>\n<\/tr>\n<tr>\n<td>Melamin &#8211; Super-Pad, 2 St\u00fcck n\u00f6tig (\u00d8 560 mm)<\/td>\n<td>Sicherheitsfliesen, Feinsteinzeugfliesen, Gumminoppen sowie die meisten<br \/>\nwasserbest\u00e4ndigen Bodenbel\u00e4gen nur mit Wasser, bei Bedarf mit<br \/>\ntensidfreiem Reinigungsmittel<\/td>\n<\/tr>\n<tr>\n<td>Microfaser-Pad, 2 St\u00fcck n\u00f6tig (\u00d8 560 mm)<\/td>\n<td>Optimal zur Reinigung von Feinsteinzeugb\u00f6den.<\/td>\n<\/tr>\n<\/tbody>\n<\/table>\n<p>&nbsp;<\/p>\n<p>Gerne beantworten wir Ihre Fragen <a href=\"tel:41419252626\">Telefonisch<\/a> oder per <a href=\"https:\/\/www.hako.ch\/shop\/kontakt\/\">E-Mail.<\/a><\/p>\n","protected":false},"excerpt":{"rendered":"<p>Passende Pads f\u00fcr die Scheuersaugmaschine <a href=\"https:\/\/www.hako.ch\/reinigungstechnik\/scheuersaugmaschinen\/ride-on-scheuermaschienen\/scrubmaster-b260-r\" target=\"_blank\" rel=\"noopener\">Scrubmaster B260 R TB1080<\/a><\/p>\n","protected":false},"featured_media":7055,"comment_status":"closed","ping_status":"closed","template":"","meta":[],"product_brand":[],"product_cat":[791],"product_tag":[],"class_list":{"0":"post-6405","1":"product","2":"type-product","3":"status-publish","4":"has-post-thumbnail","6":"product_cat-zubehoer","8":"first","9":"instock","10":"taxable","11":"shipping-taxable","12":"purchasable","13":"product-type-variable"},"yoast_head":"<!-- This site is optimized with the Yoast SEO plugin v27.5 - https:\/\/yoast.com\/product\/yoast-seo-wordpress\/ -->\n<title>Super Pads (22&quot;, \u00d8 560 mm) - Scrubmaster B260 R TB1080 - Hako Shop<\/title>\n<meta name=\"description\" content=\"Passende Pads f\u00fcr die Scheuersaugmaschine B260 R TB1080- rot\/blau\/gr\u00fcn\/braun\/\/schwarz\/Microfaser\/Melamin\" \/>\n<meta name=\"robots\" content=\"index, follow, max-snippet:-1, max-image-preview:large, max-video-preview:-1\" \/>\n<link rel=\"canonical\" href=\"https:\/\/www.hako.ch\/shop\/produkt\/super-pads-22-o-560-mm-scrubmaster-b260-r-tb1080\/\" \/>\n<meta property=\"og:locale\" content=\"de_DE\" \/>\n<meta property=\"og:type\" content=\"article\" \/>\n<meta property=\"og:title\" content=\"Super Pads (22&quot;, \u00d8 560 mm) - Scrubmaster B260 R TB1080 - Hako Shop\" \/>\n<meta property=\"og:description\" content=\"Passende Pads f\u00fcr die Scheuersaugmaschine B260 R TB1080- rot\/blau\/gr\u00fcn\/braun\/\/schwarz\/Microfaser\/Melamin\" \/>\n<meta property=\"og:url\" content=\"https:\/\/www.hako.ch\/shop\/produkt\/super-pads-22-o-560-mm-scrubmaster-b260-r-tb1080\/\" \/>\n<meta property=\"og:site_name\" content=\"Hako Shop\" \/>\n<meta property=\"article:modified_time\" content=\"2024-06-11T19:07:42+00:00\" \/>\n<meta property=\"og:image\" content=\"https:\/\/www.hako.ch\/shop\/wp-content\/uploads\/2021\/09\/pad-grun-3.jpg\" \/>\n\t<meta property=\"og:image:width\" content=\"160\" \/>\n\t<meta property=\"og:image:height\" content=\"160\" \/>\n\t<meta property=\"og:image:type\" content=\"image\/jpeg\" \/>\n<meta name=\"twitter:card\" content=\"summary_large_image\" \/>\n<meta name=\"twitter:label1\" content=\"Gesch\u00e4tzte Lesezeit\" \/>\n\t<meta name=\"twitter:data1\" content=\"1\u00a0Minute\" \/>\n<script type=\"application\/ld+json\" class=\"yoast-schema-graph\">{\"@context\":\"https:\\\/\\\/schema.org\",\"@graph\":[{\"@type\":\"WebPage\",\"@id\":\"https:\\\/\\\/www.hako.ch\\\/shop\\\/produkt\\\/super-pads-22-o-560-mm-scrubmaster-b260-r-tb1080\\\/\",\"url\":\"https:\\\/\\\/www.hako.ch\\\/shop\\\/produkt\\\/super-pads-22-o-560-mm-scrubmaster-b260-r-tb1080\\\/\",\"name\":\"Super Pads (22\\\", \u00d8 560 mm) - Scrubmaster B260 R TB1080 - Hako Shop\",\"isPartOf\":{\"@id\":\"https:\\\/\\\/www.hako.ch\\\/shop\\\/#website\"},\"primaryImageOfPage\":{\"@id\":\"https:\\\/\\\/www.hako.ch\\\/shop\\\/produkt\\\/super-pads-22-o-560-mm-scrubmaster-b260-r-tb1080\\\/#primaryimage\"},\"image\":{\"@id\":\"https:\\\/\\\/www.hako.ch\\\/shop\\\/produkt\\\/super-pads-22-o-560-mm-scrubmaster-b260-r-tb1080\\\/#primaryimage\"},\"thumbnailUrl\":\"https:\\\/\\\/www.hako.ch\\\/shop\\\/wp-content\\\/uploads\\\/2021\\\/09\\\/pad-grun-3.jpg\",\"datePublished\":\"2021-02-18T10:30:15+00:00\",\"dateModified\":\"2024-06-11T19:07:42+00:00\",\"description\":\"Passende Pads f\u00fcr die Scheuersaugmaschine B260 R TB1080- rot\\\/blau\\\/gr\u00fcn\\\/braun\\\/\\\/schwarz\\\/Microfaser\\\/Melamin\",\"breadcrumb\":{\"@id\":\"https:\\\/\\\/www.hako.ch\\\/shop\\\/produkt\\\/super-pads-22-o-560-mm-scrubmaster-b260-r-tb1080\\\/#breadcrumb\"},\"inLanguage\":\"de\",\"potentialAction\":[{\"@type\":\"ReadAction\",\"target\":[\"https:\\\/\\\/www.hako.ch\\\/shop\\\/produkt\\\/super-pads-22-o-560-mm-scrubmaster-b260-r-tb1080\\\/\"]}]},{\"@type\":\"ImageObject\",\"inLanguage\":\"de\",\"@id\":\"https:\\\/\\\/www.hako.ch\\\/shop\\\/produkt\\\/super-pads-22-o-560-mm-scrubmaster-b260-r-tb1080\\\/#primaryimage\",\"url\":\"https:\\\/\\\/www.hako.ch\\\/shop\\\/wp-content\\\/uploads\\\/2021\\\/09\\\/pad-grun-3.jpg\",\"contentUrl\":\"https:\\\/\\\/www.hako.ch\\\/shop\\\/wp-content\\\/uploads\\\/2021\\\/09\\\/pad-grun-3.jpg\",\"width\":160,\"height\":160,\"caption\":\"Super Pads (22\\\", \u00d8 560 mm) - Scrubmaster B260 R TB1080\"},{\"@type\":\"BreadcrumbList\",\"@id\":\"https:\\\/\\\/www.hako.ch\\\/shop\\\/produkt\\\/super-pads-22-o-560-mm-scrubmaster-b260-r-tb1080\\\/#breadcrumb\",\"itemListElement\":[{\"@type\":\"ListItem\",\"position\":1,\"name\":\"Startseite\",\"item\":\"https:\\\/\\\/www.hako.ch\\\/shop\\\/\"},{\"@type\":\"ListItem\",\"position\":2,\"name\":\"Shop\",\"item\":\"https:\\\/\\\/www.hako.ch\\\/shop\\\/shop-2\\\/\"},{\"@type\":\"ListItem\",\"position\":3,\"name\":\"Super Pads (22&#8243;, \u00d8 560 mm) &#8211; Scrubmaster B260 R TB1080\"}]},{\"@type\":\"WebSite\",\"@id\":\"https:\\\/\\\/www.hako.ch\\\/shop\\\/#website\",\"url\":\"https:\\\/\\\/www.hako.ch\\\/shop\\\/\",\"name\":\"Hako Shop\",\"description\":\"Clean ahead\",\"publisher\":{\"@id\":\"https:\\\/\\\/www.hako.ch\\\/shop\\\/#organization\"},\"potentialAction\":[{\"@type\":\"SearchAction\",\"target\":{\"@type\":\"EntryPoint\",\"urlTemplate\":\"https:\\\/\\\/www.hako.ch\\\/shop\\\/?s={search_term_string}\"},\"query-input\":{\"@type\":\"PropertyValueSpecification\",\"valueRequired\":true,\"valueName\":\"search_term_string\"}}],\"inLanguage\":\"de\"},{\"@type\":\"Organization\",\"@id\":\"https:\\\/\\\/www.hako.ch\\\/shop\\\/#organization\",\"name\":\"Hako Schweiz AG\",\"url\":\"https:\\\/\\\/www.hako.ch\\\/shop\\\/\",\"logo\":{\"@type\":\"ImageObject\",\"inLanguage\":\"de\",\"@id\":\"https:\\\/\\\/www.hako.ch\\\/shop\\\/#\\\/schema\\\/logo\\\/image\\\/\",\"url\":\"https:\\\/\\\/www.hako.ch\\\/shop\\\/wp-content\\\/uploads\\\/2020\\\/03\\\/hako-logo.png\",\"contentUrl\":\"https:\\\/\\\/www.hako.ch\\\/shop\\\/wp-content\\\/uploads\\\/2020\\\/03\\\/hako-logo.png\",\"width\":112,\"height\":46,\"caption\":\"Hako Schweiz AG\"},\"image\":{\"@id\":\"https:\\\/\\\/www.hako.ch\\\/shop\\\/#\\\/schema\\\/logo\\\/image\\\/\"}}]}<\/script>\n<!-- \/ Yoast SEO plugin. -->","yoast_head_json":{"title":"Super Pads (22\", \u00d8 560 mm) - Scrubmaster B260 R TB1080 - Hako Shop","description":"Passende Pads f\u00fcr die Scheuersaugmaschine B260 R TB1080- rot\/blau\/gr\u00fcn\/braun\/\/schwarz\/Microfaser\/Melamin","robots":{"index":"index","follow":"follow","max-snippet":"max-snippet:-1","max-image-preview":"max-image-preview:large","max-video-preview":"max-video-preview:-1"},"canonical":"https:\/\/www.hako.ch\/shop\/produkt\/super-pads-22-o-560-mm-scrubmaster-b260-r-tb1080\/","og_locale":"de_DE","og_type":"article","og_title":"Super Pads (22\", \u00d8 560 mm) - Scrubmaster B260 R TB1080 - Hako Shop","og_description":"Passende Pads f\u00fcr die Scheuersaugmaschine B260 R TB1080- rot\/blau\/gr\u00fcn\/braun\/\/schwarz\/Microfaser\/Melamin","og_url":"https:\/\/www.hako.ch\/shop\/produkt\/super-pads-22-o-560-mm-scrubmaster-b260-r-tb1080\/","og_site_name":"Hako Shop","article_modified_time":"2024-06-11T19:07:42+00:00","og_image":[{"width":160,"height":160,"url":"https:\/\/www.hako.ch\/shop\/wp-content\/uploads\/2021\/09\/pad-grun-3.jpg","type":"image\/jpeg"}],"twitter_card":"summary_large_image","twitter_misc":{"Gesch\u00e4tzte Lesezeit":"1\u00a0Minute"},"schema":{"@context":"https:\/\/schema.org","@graph":[{"@type":"WebPage","@id":"https:\/\/www.hako.ch\/shop\/produkt\/super-pads-22-o-560-mm-scrubmaster-b260-r-tb1080\/","url":"https:\/\/www.hako.ch\/shop\/produkt\/super-pads-22-o-560-mm-scrubmaster-b260-r-tb1080\/","name":"Super Pads (22\", \u00d8 560 mm) - Scrubmaster B260 R TB1080 - Hako Shop","isPartOf":{"@id":"https:\/\/www.hako.ch\/shop\/#website"},"primaryImageOfPage":{"@id":"https:\/\/www.hako.ch\/shop\/produkt\/super-pads-22-o-560-mm-scrubmaster-b260-r-tb1080\/#primaryimage"},"image":{"@id":"https:\/\/www.hako.ch\/shop\/produkt\/super-pads-22-o-560-mm-scrubmaster-b260-r-tb1080\/#primaryimage"},"thumbnailUrl":"https:\/\/www.hako.ch\/shop\/wp-content\/uploads\/2021\/09\/pad-grun-3.jpg","datePublished":"2021-02-18T10:30:15+00:00","dateModified":"2024-06-11T19:07:42+00:00","description":"Passende Pads f\u00fcr die Scheuersaugmaschine B260 R TB1080- rot\/blau\/gr\u00fcn\/braun\/\/schwarz\/Microfaser\/Melamin","breadcrumb":{"@id":"https:\/\/www.hako.ch\/shop\/produkt\/super-pads-22-o-560-mm-scrubmaster-b260-r-tb1080\/#breadcrumb"},"inLanguage":"de","potentialAction":[{"@type":"ReadAction","target":["https:\/\/www.hako.ch\/shop\/produkt\/super-pads-22-o-560-mm-scrubmaster-b260-r-tb1080\/"]}]},{"@type":"ImageObject","inLanguage":"de","@id":"https:\/\/www.hako.ch\/shop\/produkt\/super-pads-22-o-560-mm-scrubmaster-b260-r-tb1080\/#primaryimage","url":"https:\/\/www.hako.ch\/shop\/wp-content\/uploads\/2021\/09\/pad-grun-3.jpg","contentUrl":"https:\/\/www.hako.ch\/shop\/wp-content\/uploads\/2021\/09\/pad-grun-3.jpg","width":160,"height":160,"caption":"Super Pads (22\", \u00d8 560 mm) - Scrubmaster B260 R TB1080"},{"@type":"BreadcrumbList","@id":"https:\/\/www.hako.ch\/shop\/produkt\/super-pads-22-o-560-mm-scrubmaster-b260-r-tb1080\/#breadcrumb","itemListElement":[{"@type":"ListItem","position":1,"name":"Startseite","item":"https:\/\/www.hako.ch\/shop\/"},{"@type":"ListItem","position":2,"name":"Shop","item":"https:\/\/www.hako.ch\/shop\/shop-2\/"},{"@type":"ListItem","position":3,"name":"Super Pads (22&#8243;, \u00d8 560 mm) &#8211; Scrubmaster B260 R TB1080"}]},{"@type":"WebSite","@id":"https:\/\/www.hako.ch\/shop\/#website","url":"https:\/\/www.hako.ch\/shop\/","name":"Hako Shop","description":"Clean ahead","publisher":{"@id":"https:\/\/www.hako.ch\/shop\/#organization"},"potentialAction":[{"@type":"SearchAction","target":{"@type":"EntryPoint","urlTemplate":"https:\/\/www.hako.ch\/shop\/?s={search_term_string}"},"query-input":{"@type":"PropertyValueSpecification","valueRequired":true,"valueName":"search_term_string"}}],"inLanguage":"de"},{"@type":"Organization","@id":"https:\/\/www.hako.ch\/shop\/#organization","name":"Hako Schweiz AG","url":"https:\/\/www.hako.ch\/shop\/","logo":{"@type":"ImageObject","inLanguage":"de","@id":"https:\/\/www.hako.ch\/shop\/#\/schema\/logo\/image\/","url":"https:\/\/www.hako.ch\/shop\/wp-content\/uploads\/2020\/03\/hako-logo.png","contentUrl":"https:\/\/www.hako.ch\/shop\/wp-content\/uploads\/2020\/03\/hako-logo.png","width":112,"height":46,"caption":"Hako Schweiz AG"},"image":{"@id":"https:\/\/www.hako.ch\/shop\/#\/schema\/logo\/image\/"}}]}},"_links":{"self":[{"href":"https:\/\/www.hako.ch\/shop\/wp-json\/wp\/v2\/product\/6405","targetHints":{"allow":["GET"]}}],"collection":[{"href":"https:\/\/www.hako.ch\/shop\/wp-json\/wp\/v2\/product"}],"about":[{"href":"https:\/\/www.hako.ch\/shop\/wp-json\/wp\/v2\/types\/product"}],"replies":[{"embeddable":true,"href":"https:\/\/www.hako.ch\/shop\/wp-json\/wp\/v2\/comments?post=6405"}],"wp:featuredmedia":[{"embeddable":true,"href":"https:\/\/www.hako.ch\/shop\/wp-json\/wp\/v2\/media\/7055"}],"wp:attachment":[{"href":"https:\/\/www.hako.ch\/shop\/wp-json\/wp\/v2\/media?parent=6405"}],"wp:term":[{"taxonomy":"product_brand","embeddable":true,"href":"https:\/\/www.hako.ch\/shop\/wp-json\/wp\/v2\/product_brand?post=6405"},{"taxonomy":"product_cat","embeddable":true,"href":"https:\/\/www.hako.ch\/shop\/wp-json\/wp\/v2\/product_cat?post=6405"},{"taxonomy":"product_tag","embeddable":true,"href":"https:\/\/www.hako.ch\/shop\/wp-json\/wp\/v2\/product_tag?post=6405"}],"curies":[{"name":"wp","href":"https:\/\/api.w.org\/{rel}","templated":true}]}}