{"id":7908,"date":"2023-03-30T13:44:41","date_gmt":"2023-03-30T11:44:41","guid":{"rendered":"https:\/\/www.hako.ch\/shop\/?post_type=product&#038;p=7908"},"modified":"2026-04-19T21:31:18","modified_gmt":"2026-04-19T19:31:18","slug":"scheuersaugmaschine-scrubmaster-b5-orb-430","status":"publish","type":"product","link":"https:\/\/www.hako.ch\/shop\/produkt\/scheuersaugmaschine-scrubmaster-b5-orb-430\/","title":{"rendered":"Scheuersaugmaschine Scrubmaster B5 ORB 430"},"content":{"rendered":"<h1>Walk-behind-Scheuersaugmaschine f\u00fcr kleinere, enge Bereiche<\/h1>\n<p>Stab-Scheuersaugmaschine f\u00fcr die wandnahe Reinigung bis in die Ecke und mit flacher Bauweise f\u00fcr das Unterfahren von M\u00f6beln und Unterbauten.<\/p>\n<p>Der Scrubmaster B5 ORB macht Fl\u00e4chen f\u00fcr die maschinenunterst\u00fctzte Reinigung zug\u00e4nglich, die bisher nur mit einem Handwischmopp zu erreichen waren. Und das mit gro\u00dfer Beweglichkeit, hervorragender Man\u00f6vrierbarkeit und geringem Kraftaufwand f\u00fcr den Anwender. Denn dank neuartigem Hako-Delta-Cleaning-System mit orbitalem Antrieb bestimmt der jederzeit selbst die Arbeitsgeschwindigkeit und kann somit pr\u00e4zise enge Bereiche und Ecken anfahren.<\/p>\n","protected":false},"excerpt":{"rendered":"<p>Walk-behind-Scheuersaugmaschine f\u00fcr kleinere, enge Bereiche<\/p>\n<p>Stab-Scheuersaugmaschine f\u00fcr die wandnahe Reinigung bis in die Ecke und mit flacher Bauweise f\u00fcr das Unterfahren von M\u00f6beln und Unterbauten.<\/p>\n<p>Ausstattung:<br \/>\n&#8211; Lithium &#8211; Ionen Batteriepaket 24V \/ 12.8 Ah<br \/>\n&#8211; Externes Batterieladeger\u00e4t 29V \/ 6A<br \/>\n&#8211; Eco &#8211; Modus<br \/>\n&#8211; St\u00fctzfuss und Transportrollen<br \/>\n&#8211; Orbitalb\u00fcrste Kunststoff K901 (430 mm)<\/p>\n<p><strong>Bei Abnahme 2 oder mehr Ger\u00e4ten Anfrage via vid@hako.ch senden.<\/strong><br \/>\n<strong>Preis inkl. Transportkosten<\/strong><\/p>\n","protected":false},"featured_media":7910,"comment_status":"open","ping_status":"closed","template":"","meta":[],"product_brand":[],"product_cat":[232,249,788],"product_tag":[],"class_list":{"0":"post-7908","1":"product","2":"type-product","3":"status-publish","4":"has-post-thumbnail","6":"product_cat-maschinen","7":"product_cat-scheuersaugmaschinen","8":"product_cat-walk-behind-scheuersaugmaschinen","10":"first","11":"instock","12":"taxable","13":"shipping-taxable","14":"purchasable","15":"product-type-simple"},"yoast_head":"<!-- This site is optimized with the Yoast SEO plugin v27.5 - https:\/\/yoast.com\/product\/yoast-seo-wordpress\/ -->\n<title>Scheuersaugmaschine in beengten Bereichen- Hako Shop<\/title>\n<meta name=\"description\" content=\"Die Walk-behind-Scheuersaugmaschine Scrubmaster B8 steht f\u00fcr herausragende Ergebnisse in z.B. Restaurants, Kantinen, Sanit\u00e4ranlagen oder kleineren Shops.\" \/>\n<meta name=\"robots\" content=\"index, follow, max-snippet:-1, max-image-preview:large, max-video-preview:-1\" \/>\n<link rel=\"canonical\" href=\"https:\/\/www.hako.ch\/shop\/produkt\/scheuersaugmaschine-scrubmaster-b5-orb-430\/\" \/>\n<meta property=\"og:locale\" content=\"de_DE\" \/>\n<meta property=\"og:type\" content=\"article\" \/>\n<meta property=\"og:title\" content=\"Scheuersaugmaschine in beengten Bereichen- Hako Shop\" \/>\n<meta property=\"og:description\" content=\"Die Walk-behind-Scheuersaugmaschine Scrubmaster B8 steht f\u00fcr herausragende Ergebnisse in z.B. Restaurants, Kantinen, Sanit\u00e4ranlagen oder kleineren Shops.\" \/>\n<meta property=\"og:url\" content=\"https:\/\/www.hako.ch\/shop\/produkt\/scheuersaugmaschine-scrubmaster-b5-orb-430\/\" \/>\n<meta property=\"og:site_name\" content=\"Hako Shop\" \/>\n<meta property=\"article:modified_time\" content=\"2026-04-19T19:31:18+00:00\" \/>\n<meta property=\"og:image\" content=\"https:\/\/www.hako.ch\/shop\/wp-content\/uploads\/2023\/03\/b5-standard-0005-1024x1024.png\" \/>\n\t<meta property=\"og:image:width\" content=\"1024\" \/>\n\t<meta property=\"og:image:height\" content=\"1024\" \/>\n\t<meta property=\"og:image:type\" content=\"image\/png\" \/>\n<meta name=\"twitter:card\" content=\"summary_large_image\" \/>\n<meta name=\"twitter:label1\" content=\"Gesch\u00e4tzte Lesezeit\" \/>\n\t<meta name=\"twitter:data1\" content=\"1\u00a0Minute\" \/>\n<script type=\"application\/ld+json\" class=\"yoast-schema-graph\">{\"@context\":\"https:\\\/\\\/schema.org\",\"@graph\":[{\"@type\":\"WebPage\",\"@id\":\"https:\\\/\\\/www.hako.ch\\\/shop\\\/produkt\\\/scheuersaugmaschine-scrubmaster-b5-orb-430\\\/\",\"url\":\"https:\\\/\\\/www.hako.ch\\\/shop\\\/produkt\\\/scheuersaugmaschine-scrubmaster-b5-orb-430\\\/\",\"name\":\"Scheuersaugmaschine in beengten Bereichen- Hako Shop\",\"isPartOf\":{\"@id\":\"https:\\\/\\\/www.hako.ch\\\/shop\\\/#website\"},\"primaryImageOfPage\":{\"@id\":\"https:\\\/\\\/www.hako.ch\\\/shop\\\/produkt\\\/scheuersaugmaschine-scrubmaster-b5-orb-430\\\/#primaryimage\"},\"image\":{\"@id\":\"https:\\\/\\\/www.hako.ch\\\/shop\\\/produkt\\\/scheuersaugmaschine-scrubmaster-b5-orb-430\\\/#primaryimage\"},\"thumbnailUrl\":\"https:\\\/\\\/www.hako.ch\\\/shop\\\/wp-content\\\/uploads\\\/2023\\\/03\\\/b5-standard-0005.png\",\"datePublished\":\"2023-03-30T11:44:41+00:00\",\"dateModified\":\"2026-04-19T19:31:18+00:00\",\"description\":\"Die Walk-behind-Scheuersaugmaschine Scrubmaster B8 steht f\u00fcr herausragende Ergebnisse in z.B. Restaurants, Kantinen, Sanit\u00e4ranlagen oder kleineren Shops.\",\"breadcrumb\":{\"@id\":\"https:\\\/\\\/www.hako.ch\\\/shop\\\/produkt\\\/scheuersaugmaschine-scrubmaster-b5-orb-430\\\/#breadcrumb\"},\"inLanguage\":\"de\",\"potentialAction\":[{\"@type\":\"ReadAction\",\"target\":[\"https:\\\/\\\/www.hako.ch\\\/shop\\\/produkt\\\/scheuersaugmaschine-scrubmaster-b5-orb-430\\\/\"]}]},{\"@type\":\"ImageObject\",\"inLanguage\":\"de\",\"@id\":\"https:\\\/\\\/www.hako.ch\\\/shop\\\/produkt\\\/scheuersaugmaschine-scrubmaster-b5-orb-430\\\/#primaryimage\",\"url\":\"https:\\\/\\\/www.hako.ch\\\/shop\\\/wp-content\\\/uploads\\\/2023\\\/03\\\/b5-standard-0005.png\",\"contentUrl\":\"https:\\\/\\\/www.hako.ch\\\/shop\\\/wp-content\\\/uploads\\\/2023\\\/03\\\/b5-standard-0005.png\",\"width\":4000,\"height\":4000},{\"@type\":\"BreadcrumbList\",\"@id\":\"https:\\\/\\\/www.hako.ch\\\/shop\\\/produkt\\\/scheuersaugmaschine-scrubmaster-b5-orb-430\\\/#breadcrumb\",\"itemListElement\":[{\"@type\":\"ListItem\",\"position\":1,\"name\":\"Startseite\",\"item\":\"https:\\\/\\\/www.hako.ch\\\/shop\\\/\"},{\"@type\":\"ListItem\",\"position\":2,\"name\":\"Shop\",\"item\":\"https:\\\/\\\/www.hako.ch\\\/shop\\\/shop-2\\\/\"},{\"@type\":\"ListItem\",\"position\":3,\"name\":\"Scheuersaugmaschine Scrubmaster B5 ORB 430\"}]},{\"@type\":\"WebSite\",\"@id\":\"https:\\\/\\\/www.hako.ch\\\/shop\\\/#website\",\"url\":\"https:\\\/\\\/www.hako.ch\\\/shop\\\/\",\"name\":\"Hako Shop\",\"description\":\"Clean ahead\",\"publisher\":{\"@id\":\"https:\\\/\\\/www.hako.ch\\\/shop\\\/#organization\"},\"potentialAction\":[{\"@type\":\"SearchAction\",\"target\":{\"@type\":\"EntryPoint\",\"urlTemplate\":\"https:\\\/\\\/www.hako.ch\\\/shop\\\/?s={search_term_string}\"},\"query-input\":{\"@type\":\"PropertyValueSpecification\",\"valueRequired\":true,\"valueName\":\"search_term_string\"}}],\"inLanguage\":\"de\"},{\"@type\":\"Organization\",\"@id\":\"https:\\\/\\\/www.hako.ch\\\/shop\\\/#organization\",\"name\":\"Hako Schweiz AG\",\"url\":\"https:\\\/\\\/www.hako.ch\\\/shop\\\/\",\"logo\":{\"@type\":\"ImageObject\",\"inLanguage\":\"de\",\"@id\":\"https:\\\/\\\/www.hako.ch\\\/shop\\\/#\\\/schema\\\/logo\\\/image\\\/\",\"url\":\"https:\\\/\\\/www.hako.ch\\\/shop\\\/wp-content\\\/uploads\\\/2020\\\/03\\\/hako-logo.png\",\"contentUrl\":\"https:\\\/\\\/www.hako.ch\\\/shop\\\/wp-content\\\/uploads\\\/2020\\\/03\\\/hako-logo.png\",\"width\":112,\"height\":46,\"caption\":\"Hako Schweiz AG\"},\"image\":{\"@id\":\"https:\\\/\\\/www.hako.ch\\\/shop\\\/#\\\/schema\\\/logo\\\/image\\\/\"}}]}<\/script>\n<!-- \/ Yoast SEO plugin. -->","yoast_head_json":{"title":"Scheuersaugmaschine in beengten Bereichen- Hako Shop","description":"Die Walk-behind-Scheuersaugmaschine Scrubmaster B8 steht f\u00fcr herausragende Ergebnisse in z.B. Restaurants, Kantinen, Sanit\u00e4ranlagen oder kleineren Shops.","robots":{"index":"index","follow":"follow","max-snippet":"max-snippet:-1","max-image-preview":"max-image-preview:large","max-video-preview":"max-video-preview:-1"},"canonical":"https:\/\/www.hako.ch\/shop\/produkt\/scheuersaugmaschine-scrubmaster-b5-orb-430\/","og_locale":"de_DE","og_type":"article","og_title":"Scheuersaugmaschine in beengten Bereichen- Hako Shop","og_description":"Die Walk-behind-Scheuersaugmaschine Scrubmaster B8 steht f\u00fcr herausragende Ergebnisse in z.B. Restaurants, Kantinen, Sanit\u00e4ranlagen oder kleineren Shops.","og_url":"https:\/\/www.hako.ch\/shop\/produkt\/scheuersaugmaschine-scrubmaster-b5-orb-430\/","og_site_name":"Hako Shop","article_modified_time":"2026-04-19T19:31:18+00:00","og_image":[{"width":1024,"height":1024,"url":"https:\/\/www.hako.ch\/shop\/wp-content\/uploads\/2023\/03\/b5-standard-0005-1024x1024.png","type":"image\/png"}],"twitter_card":"summary_large_image","twitter_misc":{"Gesch\u00e4tzte Lesezeit":"1\u00a0Minute"},"schema":{"@context":"https:\/\/schema.org","@graph":[{"@type":"WebPage","@id":"https:\/\/www.hako.ch\/shop\/produkt\/scheuersaugmaschine-scrubmaster-b5-orb-430\/","url":"https:\/\/www.hako.ch\/shop\/produkt\/scheuersaugmaschine-scrubmaster-b5-orb-430\/","name":"Scheuersaugmaschine in beengten Bereichen- Hako Shop","isPartOf":{"@id":"https:\/\/www.hako.ch\/shop\/#website"},"primaryImageOfPage":{"@id":"https:\/\/www.hako.ch\/shop\/produkt\/scheuersaugmaschine-scrubmaster-b5-orb-430\/#primaryimage"},"image":{"@id":"https:\/\/www.hako.ch\/shop\/produkt\/scheuersaugmaschine-scrubmaster-b5-orb-430\/#primaryimage"},"thumbnailUrl":"https:\/\/www.hako.ch\/shop\/wp-content\/uploads\/2023\/03\/b5-standard-0005.png","datePublished":"2023-03-30T11:44:41+00:00","dateModified":"2026-04-19T19:31:18+00:00","description":"Die Walk-behind-Scheuersaugmaschine Scrubmaster B8 steht f\u00fcr herausragende Ergebnisse in z.B. Restaurants, Kantinen, Sanit\u00e4ranlagen oder kleineren Shops.","breadcrumb":{"@id":"https:\/\/www.hako.ch\/shop\/produkt\/scheuersaugmaschine-scrubmaster-b5-orb-430\/#breadcrumb"},"inLanguage":"de","potentialAction":[{"@type":"ReadAction","target":["https:\/\/www.hako.ch\/shop\/produkt\/scheuersaugmaschine-scrubmaster-b5-orb-430\/"]}]},{"@type":"ImageObject","inLanguage":"de","@id":"https:\/\/www.hako.ch\/shop\/produkt\/scheuersaugmaschine-scrubmaster-b5-orb-430\/#primaryimage","url":"https:\/\/www.hako.ch\/shop\/wp-content\/uploads\/2023\/03\/b5-standard-0005.png","contentUrl":"https:\/\/www.hako.ch\/shop\/wp-content\/uploads\/2023\/03\/b5-standard-0005.png","width":4000,"height":4000},{"@type":"BreadcrumbList","@id":"https:\/\/www.hako.ch\/shop\/produkt\/scheuersaugmaschine-scrubmaster-b5-orb-430\/#breadcrumb","itemListElement":[{"@type":"ListItem","position":1,"name":"Startseite","item":"https:\/\/www.hako.ch\/shop\/"},{"@type":"ListItem","position":2,"name":"Shop","item":"https:\/\/www.hako.ch\/shop\/shop-2\/"},{"@type":"ListItem","position":3,"name":"Scheuersaugmaschine Scrubmaster B5 ORB 430"}]},{"@type":"WebSite","@id":"https:\/\/www.hako.ch\/shop\/#website","url":"https:\/\/www.hako.ch\/shop\/","name":"Hako Shop","description":"Clean ahead","publisher":{"@id":"https:\/\/www.hako.ch\/shop\/#organization"},"potentialAction":[{"@type":"SearchAction","target":{"@type":"EntryPoint","urlTemplate":"https:\/\/www.hako.ch\/shop\/?s={search_term_string}"},"query-input":{"@type":"PropertyValueSpecification","valueRequired":true,"valueName":"search_term_string"}}],"inLanguage":"de"},{"@type":"Organization","@id":"https:\/\/www.hako.ch\/shop\/#organization","name":"Hako Schweiz AG","url":"https:\/\/www.hako.ch\/shop\/","logo":{"@type":"ImageObject","inLanguage":"de","@id":"https:\/\/www.hako.ch\/shop\/#\/schema\/logo\/image\/","url":"https:\/\/www.hako.ch\/shop\/wp-content\/uploads\/2020\/03\/hako-logo.png","contentUrl":"https:\/\/www.hako.ch\/shop\/wp-content\/uploads\/2020\/03\/hako-logo.png","width":112,"height":46,"caption":"Hako Schweiz AG"},"image":{"@id":"https:\/\/www.hako.ch\/shop\/#\/schema\/logo\/image\/"}}]}},"_links":{"self":[{"href":"https:\/\/www.hako.ch\/shop\/wp-json\/wp\/v2\/product\/7908","targetHints":{"allow":["GET"]}}],"collection":[{"href":"https:\/\/www.hako.ch\/shop\/wp-json\/wp\/v2\/product"}],"about":[{"href":"https:\/\/www.hako.ch\/shop\/wp-json\/wp\/v2\/types\/product"}],"replies":[{"embeddable":true,"href":"https:\/\/www.hako.ch\/shop\/wp-json\/wp\/v2\/comments?post=7908"}],"wp:featuredmedia":[{"embeddable":true,"href":"https:\/\/www.hako.ch\/shop\/wp-json\/wp\/v2\/media\/7910"}],"wp:attachment":[{"href":"https:\/\/www.hako.ch\/shop\/wp-json\/wp\/v2\/media?parent=7908"}],"wp:term":[{"taxonomy":"product_brand","embeddable":true,"href":"https:\/\/www.hako.ch\/shop\/wp-json\/wp\/v2\/product_brand?post=7908"},{"taxonomy":"product_cat","embeddable":true,"href":"https:\/\/www.hako.ch\/shop\/wp-json\/wp\/v2\/product_cat?post=7908"},{"taxonomy":"product_tag","embeddable":true,"href":"https:\/\/www.hako.ch\/shop\/wp-json\/wp\/v2\/product_tag?post=7908"}],"curies":[{"name":"wp","href":"https:\/\/api.w.org\/{rel}","templated":true}]}}