{"id":8248,"date":"2024-07-04T16:28:23","date_gmt":"2024-07-04T14:28:23","guid":{"rendered":"https:\/\/www.hako.ch\/shop\/?post_type=product&#038;p=8248"},"modified":"2025-01-01T00:00:07","modified_gmt":"2024-12-31T23:00:07","slug":"wasserstrahlsystem-weco-m500-skid","status":"publish","type":"product","link":"https:\/\/www.hako.ch\/shop\/produkt\/wasserstrahlsystem-weco-m500-skid\/","title":{"rendered":"Wasserstrahlsystem Weco M500 Skid"},"content":{"rendered":"<h1 class=\"ff-light-i\">Wasserstrahlsystem mit Mehrfachnutzen<\/h1>\n<p>Reinigung, Bew\u00e4sserung, Desinfektion und Wildkrautentfernung: Die Pflege von Au\u00dfenfl\u00e4chen ist vielf\u00e4ltig &#8211; und eine wichtige Aufgabe f\u00fcr Kommunen, Industrie und Gewerbe. Mit Weco-Wasserstrahlsystemen l\u00e4sst sie sich \u00f6kologisch, nachhaltig und wirtschaftlich erf\u00fcllen. Denn dank Mehrfachnutzen lassen sich im selben Einsatz eine Vielzahl an Arbeitsschritten erledigen.<\/p>\n<p>Trailerbasiertes Modell mit einer eigens entwickelten gebremsten Fahrachse mit integriertem 350-Liter-Wassertank. Mit bis zu 12 Stunden Akkulaufzeit.<\/p>\n","protected":false},"excerpt":{"rendered":"<h3 class=\"ff-light-i\">Wasserstrahlsystem mit Mehrfachnutzen<\/h3>\n<p>F\u00fcr pr\u00e4zises Arbeiten sogar in schwer zug\u00e4nglichen Bereichen wie zwischen Blumenbeeten und M\u00fclltonnen oder auf schmalen Wegen.<\/p>\n<p><strong>Jubil\u00e4umsangebot inkl. Transport und Instruktion<\/strong><\/p>\n","protected":false},"featured_media":8252,"comment_status":"closed","ping_status":"closed","template":"","meta":[],"product_brand":[],"product_cat":[232,954],"product_tag":[],"class_list":{"0":"post-8248","1":"product","2":"type-product","3":"status-publish","4":"has-post-thumbnail","6":"product_cat-maschinen","7":"product_cat-weco-wasserstrahlsysteme","9":"first","10":"instock","11":"taxable","12":"shipping-taxable","13":"purchasable","14":"product-type-simple"},"yoast_head":"<!-- This site is optimized with the Yoast SEO plugin v27.5 - https:\/\/yoast.com\/product\/yoast-seo-wordpress\/ -->\n<title>Wasserstrahlsystem Weco M500 Skid<\/title>\n<meta name=\"description\" content=\"F\u00fcr pr\u00e4zises Arbeiten sogar in schwer zug\u00e4nglichen Bereichen wie zwischen Blumenbeeten und M\u00fclltonnen oder auf schmalen Wegen.\" \/>\n<meta name=\"robots\" content=\"index, follow, max-snippet:-1, max-image-preview:large, max-video-preview:-1\" \/>\n<link rel=\"canonical\" href=\"https:\/\/www.hako.ch\/shop\/produkt\/wasserstrahlsystem-weco-m500-skid\/\" \/>\n<meta property=\"og:locale\" content=\"de_DE\" \/>\n<meta property=\"og:type\" content=\"article\" \/>\n<meta property=\"og:title\" content=\"Wasserstrahlsystem Weco M500 Skid\" \/>\n<meta property=\"og:description\" content=\"F\u00fcr pr\u00e4zises Arbeiten sogar in schwer zug\u00e4nglichen Bereichen wie zwischen Blumenbeeten und M\u00fclltonnen oder auf schmalen Wegen.\" \/>\n<meta property=\"og:url\" content=\"https:\/\/www.hako.ch\/shop\/produkt\/wasserstrahlsystem-weco-m500-skid\/\" \/>\n<meta property=\"og:site_name\" content=\"Hako Shop\" \/>\n<meta property=\"article:modified_time\" content=\"2024-12-31T23:00:07+00:00\" \/>\n<meta property=\"og:image\" content=\"https:\/\/www.hako.ch\/shop\/wp-content\/uploads\/2024\/07\/weco-m500-skid.png\" \/>\n\t<meta property=\"og:image:width\" content=\"1088\" \/>\n\t<meta property=\"og:image:height\" content=\"603\" \/>\n\t<meta property=\"og:image:type\" content=\"image\/png\" \/>\n<meta name=\"twitter:card\" content=\"summary_large_image\" \/>\n<meta name=\"twitter:label1\" content=\"Gesch\u00e4tzte Lesezeit\" \/>\n\t<meta name=\"twitter:data1\" content=\"1\u00a0Minute\" \/>\n<script type=\"application\/ld+json\" class=\"yoast-schema-graph\">{\"@context\":\"https:\\\/\\\/schema.org\",\"@graph\":[{\"@type\":\"WebPage\",\"@id\":\"https:\\\/\\\/www.hako.ch\\\/shop\\\/produkt\\\/wasserstrahlsystem-weco-m500-skid\\\/\",\"url\":\"https:\\\/\\\/www.hako.ch\\\/shop\\\/produkt\\\/wasserstrahlsystem-weco-m500-skid\\\/\",\"name\":\"Wasserstrahlsystem Weco M500 Skid\",\"isPartOf\":{\"@id\":\"https:\\\/\\\/www.hako.ch\\\/shop\\\/#website\"},\"primaryImageOfPage\":{\"@id\":\"https:\\\/\\\/www.hako.ch\\\/shop\\\/produkt\\\/wasserstrahlsystem-weco-m500-skid\\\/#primaryimage\"},\"image\":{\"@id\":\"https:\\\/\\\/www.hako.ch\\\/shop\\\/produkt\\\/wasserstrahlsystem-weco-m500-skid\\\/#primaryimage\"},\"thumbnailUrl\":\"https:\\\/\\\/www.hako.ch\\\/shop\\\/wp-content\\\/uploads\\\/2024\\\/07\\\/weco-m500-skid.png\",\"datePublished\":\"2024-07-04T14:28:23+00:00\",\"dateModified\":\"2024-12-31T23:00:07+00:00\",\"description\":\"F\u00fcr pr\u00e4zises Arbeiten sogar in schwer zug\u00e4nglichen Bereichen wie zwischen Blumenbeeten und M\u00fclltonnen oder auf schmalen Wegen.\",\"breadcrumb\":{\"@id\":\"https:\\\/\\\/www.hako.ch\\\/shop\\\/produkt\\\/wasserstrahlsystem-weco-m500-skid\\\/#breadcrumb\"},\"inLanguage\":\"de\",\"potentialAction\":[{\"@type\":\"ReadAction\",\"target\":[\"https:\\\/\\\/www.hako.ch\\\/shop\\\/produkt\\\/wasserstrahlsystem-weco-m500-skid\\\/\"]}]},{\"@type\":\"ImageObject\",\"inLanguage\":\"de\",\"@id\":\"https:\\\/\\\/www.hako.ch\\\/shop\\\/produkt\\\/wasserstrahlsystem-weco-m500-skid\\\/#primaryimage\",\"url\":\"https:\\\/\\\/www.hako.ch\\\/shop\\\/wp-content\\\/uploads\\\/2024\\\/07\\\/weco-m500-skid.png\",\"contentUrl\":\"https:\\\/\\\/www.hako.ch\\\/shop\\\/wp-content\\\/uploads\\\/2024\\\/07\\\/weco-m500-skid.png\",\"width\":1088,\"height\":603},{\"@type\":\"BreadcrumbList\",\"@id\":\"https:\\\/\\\/www.hako.ch\\\/shop\\\/produkt\\\/wasserstrahlsystem-weco-m500-skid\\\/#breadcrumb\",\"itemListElement\":[{\"@type\":\"ListItem\",\"position\":1,\"name\":\"Startseite\",\"item\":\"https:\\\/\\\/www.hako.ch\\\/shop\\\/\"},{\"@type\":\"ListItem\",\"position\":2,\"name\":\"Shop\",\"item\":\"https:\\\/\\\/www.hako.ch\\\/shop\\\/shop-2\\\/\"},{\"@type\":\"ListItem\",\"position\":3,\"name\":\"Wasserstrahlsystem Weco M500 Skid\"}]},{\"@type\":\"WebSite\",\"@id\":\"https:\\\/\\\/www.hako.ch\\\/shop\\\/#website\",\"url\":\"https:\\\/\\\/www.hako.ch\\\/shop\\\/\",\"name\":\"Hako Shop\",\"description\":\"Clean ahead\",\"publisher\":{\"@id\":\"https:\\\/\\\/www.hako.ch\\\/shop\\\/#organization\"},\"potentialAction\":[{\"@type\":\"SearchAction\",\"target\":{\"@type\":\"EntryPoint\",\"urlTemplate\":\"https:\\\/\\\/www.hako.ch\\\/shop\\\/?s={search_term_string}\"},\"query-input\":{\"@type\":\"PropertyValueSpecification\",\"valueRequired\":true,\"valueName\":\"search_term_string\"}}],\"inLanguage\":\"de\"},{\"@type\":\"Organization\",\"@id\":\"https:\\\/\\\/www.hako.ch\\\/shop\\\/#organization\",\"name\":\"Hako Schweiz AG\",\"url\":\"https:\\\/\\\/www.hako.ch\\\/shop\\\/\",\"logo\":{\"@type\":\"ImageObject\",\"inLanguage\":\"de\",\"@id\":\"https:\\\/\\\/www.hako.ch\\\/shop\\\/#\\\/schema\\\/logo\\\/image\\\/\",\"url\":\"https:\\\/\\\/www.hako.ch\\\/shop\\\/wp-content\\\/uploads\\\/2020\\\/03\\\/hako-logo.png\",\"contentUrl\":\"https:\\\/\\\/www.hako.ch\\\/shop\\\/wp-content\\\/uploads\\\/2020\\\/03\\\/hako-logo.png\",\"width\":112,\"height\":46,\"caption\":\"Hako Schweiz AG\"},\"image\":{\"@id\":\"https:\\\/\\\/www.hako.ch\\\/shop\\\/#\\\/schema\\\/logo\\\/image\\\/\"}}]}<\/script>\n<!-- \/ Yoast SEO plugin. -->","yoast_head_json":{"title":"Wasserstrahlsystem Weco M500 Skid","description":"F\u00fcr pr\u00e4zises Arbeiten sogar in schwer zug\u00e4nglichen Bereichen wie zwischen Blumenbeeten und M\u00fclltonnen oder auf schmalen Wegen.","robots":{"index":"index","follow":"follow","max-snippet":"max-snippet:-1","max-image-preview":"max-image-preview:large","max-video-preview":"max-video-preview:-1"},"canonical":"https:\/\/www.hako.ch\/shop\/produkt\/wasserstrahlsystem-weco-m500-skid\/","og_locale":"de_DE","og_type":"article","og_title":"Wasserstrahlsystem Weco M500 Skid","og_description":"F\u00fcr pr\u00e4zises Arbeiten sogar in schwer zug\u00e4nglichen Bereichen wie zwischen Blumenbeeten und M\u00fclltonnen oder auf schmalen Wegen.","og_url":"https:\/\/www.hako.ch\/shop\/produkt\/wasserstrahlsystem-weco-m500-skid\/","og_site_name":"Hako Shop","article_modified_time":"2024-12-31T23:00:07+00:00","og_image":[{"width":1088,"height":603,"url":"https:\/\/www.hako.ch\/shop\/wp-content\/uploads\/2024\/07\/weco-m500-skid.png","type":"image\/png"}],"twitter_card":"summary_large_image","twitter_misc":{"Gesch\u00e4tzte Lesezeit":"1\u00a0Minute"},"schema":{"@context":"https:\/\/schema.org","@graph":[{"@type":"WebPage","@id":"https:\/\/www.hako.ch\/shop\/produkt\/wasserstrahlsystem-weco-m500-skid\/","url":"https:\/\/www.hako.ch\/shop\/produkt\/wasserstrahlsystem-weco-m500-skid\/","name":"Wasserstrahlsystem Weco M500 Skid","isPartOf":{"@id":"https:\/\/www.hako.ch\/shop\/#website"},"primaryImageOfPage":{"@id":"https:\/\/www.hako.ch\/shop\/produkt\/wasserstrahlsystem-weco-m500-skid\/#primaryimage"},"image":{"@id":"https:\/\/www.hako.ch\/shop\/produkt\/wasserstrahlsystem-weco-m500-skid\/#primaryimage"},"thumbnailUrl":"https:\/\/www.hako.ch\/shop\/wp-content\/uploads\/2024\/07\/weco-m500-skid.png","datePublished":"2024-07-04T14:28:23+00:00","dateModified":"2024-12-31T23:00:07+00:00","description":"F\u00fcr pr\u00e4zises Arbeiten sogar in schwer zug\u00e4nglichen Bereichen wie zwischen Blumenbeeten und M\u00fclltonnen oder auf schmalen Wegen.","breadcrumb":{"@id":"https:\/\/www.hako.ch\/shop\/produkt\/wasserstrahlsystem-weco-m500-skid\/#breadcrumb"},"inLanguage":"de","potentialAction":[{"@type":"ReadAction","target":["https:\/\/www.hako.ch\/shop\/produkt\/wasserstrahlsystem-weco-m500-skid\/"]}]},{"@type":"ImageObject","inLanguage":"de","@id":"https:\/\/www.hako.ch\/shop\/produkt\/wasserstrahlsystem-weco-m500-skid\/#primaryimage","url":"https:\/\/www.hako.ch\/shop\/wp-content\/uploads\/2024\/07\/weco-m500-skid.png","contentUrl":"https:\/\/www.hako.ch\/shop\/wp-content\/uploads\/2024\/07\/weco-m500-skid.png","width":1088,"height":603},{"@type":"BreadcrumbList","@id":"https:\/\/www.hako.ch\/shop\/produkt\/wasserstrahlsystem-weco-m500-skid\/#breadcrumb","itemListElement":[{"@type":"ListItem","position":1,"name":"Startseite","item":"https:\/\/www.hako.ch\/shop\/"},{"@type":"ListItem","position":2,"name":"Shop","item":"https:\/\/www.hako.ch\/shop\/shop-2\/"},{"@type":"ListItem","position":3,"name":"Wasserstrahlsystem Weco M500 Skid"}]},{"@type":"WebSite","@id":"https:\/\/www.hako.ch\/shop\/#website","url":"https:\/\/www.hako.ch\/shop\/","name":"Hako Shop","description":"Clean ahead","publisher":{"@id":"https:\/\/www.hako.ch\/shop\/#organization"},"potentialAction":[{"@type":"SearchAction","target":{"@type":"EntryPoint","urlTemplate":"https:\/\/www.hako.ch\/shop\/?s={search_term_string}"},"query-input":{"@type":"PropertyValueSpecification","valueRequired":true,"valueName":"search_term_string"}}],"inLanguage":"de"},{"@type":"Organization","@id":"https:\/\/www.hako.ch\/shop\/#organization","name":"Hako Schweiz AG","url":"https:\/\/www.hako.ch\/shop\/","logo":{"@type":"ImageObject","inLanguage":"de","@id":"https:\/\/www.hako.ch\/shop\/#\/schema\/logo\/image\/","url":"https:\/\/www.hako.ch\/shop\/wp-content\/uploads\/2020\/03\/hako-logo.png","contentUrl":"https:\/\/www.hako.ch\/shop\/wp-content\/uploads\/2020\/03\/hako-logo.png","width":112,"height":46,"caption":"Hako Schweiz AG"},"image":{"@id":"https:\/\/www.hako.ch\/shop\/#\/schema\/logo\/image\/"}}]}},"_links":{"self":[{"href":"https:\/\/www.hako.ch\/shop\/wp-json\/wp\/v2\/product\/8248","targetHints":{"allow":["GET"]}}],"collection":[{"href":"https:\/\/www.hako.ch\/shop\/wp-json\/wp\/v2\/product"}],"about":[{"href":"https:\/\/www.hako.ch\/shop\/wp-json\/wp\/v2\/types\/product"}],"replies":[{"embeddable":true,"href":"https:\/\/www.hako.ch\/shop\/wp-json\/wp\/v2\/comments?post=8248"}],"wp:featuredmedia":[{"embeddable":true,"href":"https:\/\/www.hako.ch\/shop\/wp-json\/wp\/v2\/media\/8252"}],"wp:attachment":[{"href":"https:\/\/www.hako.ch\/shop\/wp-json\/wp\/v2\/media?parent=8248"}],"wp:term":[{"taxonomy":"product_brand","embeddable":true,"href":"https:\/\/www.hako.ch\/shop\/wp-json\/wp\/v2\/product_brand?post=8248"},{"taxonomy":"product_cat","embeddable":true,"href":"https:\/\/www.hako.ch\/shop\/wp-json\/wp\/v2\/product_cat?post=8248"},{"taxonomy":"product_tag","embeddable":true,"href":"https:\/\/www.hako.ch\/shop\/wp-json\/wp\/v2\/product_tag?post=8248"}],"curies":[{"name":"wp","href":"https:\/\/api.w.org\/{rel}","templated":true}]}}